{"id":6399,"date":"2020-10-05T15:40:19","date_gmt":"2020-10-05T13:40:19","guid":{"rendered":"http:\/\/blog-dev.europe.phoenixcontact.com\/services\/?page_id=6399"},"modified":"2024-07-17T14:53:27","modified_gmt":"2024-07-17T12:53:27","slug":"nachlaufzeitmessung","status":"publish","type":"page","link":"https:\/\/blog.phoenixcontact.com\/services\/arbeitssicherheit\/nachlaufzeitmessung","title":{"rendered":"Nachlaufzeitmessung und BWS-Pr\u00fcfung| Service"},"content":{"rendered":"\n<div class=\"wp-block-columns is-layout-flex wp-container-core-columns-is-layout-9d6595d7 wp-block-columns-is-layout-flex\">\n<div class=\"wp-block-column is-layout-flow wp-block-column-is-layout-flow\"><div class=\"wp-block-image is-style-default\">\n<figure class=\"alignleft size-large\"><img loading=\"lazy\" decoding=\"async\" width=\"1024\" height=\"264\" src=\"http:\/\/blog.phoenixcontact.com\/services\/wp-content\/uploads\/sites\/23\/2020\/11\/Arbeitssicherheit-6-1024x264.png\" alt=\"\" class=\"wp-image-6743\" srcset=\"https:\/\/blog.phoenixcontact.com\/services\/wp-content\/uploads\/sites\/23\/2020\/11\/Arbeitssicherheit-6-1024x264.png 1024w, https:\/\/blog.phoenixcontact.com\/services\/wp-content\/uploads\/sites\/23\/2020\/11\/Arbeitssicherheit-6-300x77.png 300w, https:\/\/blog.phoenixcontact.com\/services\/wp-content\/uploads\/sites\/23\/2020\/11\/Arbeitssicherheit-6-768x198.png 768w, https:\/\/blog.phoenixcontact.com\/services\/wp-content\/uploads\/sites\/23\/2020\/11\/Arbeitssicherheit-6.png 1115w\" sizes=\"auto, (max-width: 1024px) 100vw, 1024px\" \/><\/figure><\/div><\/div>\n\n\n\n<div class=\"wp-block-column is-layout-flow wp-block-column-is-layout-flow\"><div class=\"wp-block-image is-style-default\">\n<figure class=\"alignright size-large\"><img loading=\"lazy\" decoding=\"async\" width=\"1024\" height=\"257\" src=\"http:\/\/blog.phoenixcontact.com\/services\/wp-content\/uploads\/sites\/23\/2020\/11\/Bild1-1024x257.png\" alt=\"\" class=\"wp-image-6725\" srcset=\"https:\/\/blog.phoenixcontact.com\/services\/wp-content\/uploads\/sites\/23\/2020\/11\/Bild1-1024x257.png 1024w, https:\/\/blog.phoenixcontact.com\/services\/wp-content\/uploads\/sites\/23\/2020\/11\/Bild1-300x75.png 300w, https:\/\/blog.phoenixcontact.com\/services\/wp-content\/uploads\/sites\/23\/2020\/11\/Bild1-768x193.png 768w, https:\/\/blog.phoenixcontact.com\/services\/wp-content\/uploads\/sites\/23\/2020\/11\/Bild1.png 1111w\" sizes=\"auto, (max-width: 1024px) 100vw, 1024px\" \/><\/figure><\/div><\/div>\n<\/div>\n\n\n\n<p class=\"has-text-align-left has-small-font-size\"><strong><em><strong><em>ZIELE UND INHALTE UNSERES EINZELPAKETES<\/em><\/strong><\/em><\/strong><\/p>\n\n\n\n<h2 class=\"has-text-align-left wp-block-heading\">Pr\u00fcfung von ber\u00fchrungslos wirkenden Schutzeinrichtungen<\/h2>\n\n\n\n<p class=\"has-medium-font-size\">Als produktunabh\u00e4ngiger Partner unterst\u00fctzen wir Sie bei der \u00dcberpr\u00fcfung und Messung des Sicherheitsabstandes Ihrer nicht trennenden Schutzeinrichtung und von Schutzt\u00fcren. <\/p>\n\n\n\n<div style=\"height:40px\" aria-hidden=\"true\" class=\"wp-block-spacer\"><\/div>\n\n\n<div class=\"wp-block-image is-style-default\">\n<figure class=\"aligncenter size-large is-resized\"><img loading=\"lazy\" decoding=\"async\" src=\"http:\/\/blog.phoenixcontact.com\/wp-content\/uploads\/sites\/23\/2020\/08\/Pfeil-Down-2.png\" alt=\"\" class=\"wp-image-6147\" width=\"67\" height=\"27\" \/><\/figure><\/div>\n\n\n<div style=\"height:40px\" aria-hidden=\"true\" class=\"wp-block-spacer\"><\/div>\n\n\n\n<div style=\"height:20px\" aria-hidden=\"true\" class=\"wp-block-spacer\"><\/div>\n\n\n\n<div class=\"wp-block-columns are-vertically-aligned-top is-layout-flex wp-container-core-columns-is-layout-9d6595d7 wp-block-columns-is-layout-flex\">\n<div class=\"wp-block-column is-vertically-aligned-top is-layout-flow wp-block-column-is-layout-flow\">\n<p class=\"has-text-align-center has-very-light-gray-color has-text-color has-background has-medium-font-size\" style=\"background-color:#0099a1\"><strong><strong>0. Nachlaufzeitmessung<\/strong><\/strong><\/p>\n\n\n\n<div class=\"wp-block-columns is-layout-flex wp-container-core-columns-is-layout-9d6595d7 wp-block-columns-is-layout-flex\">\n<div class=\"wp-block-column is-vertically-aligned-top is-layout-flow wp-block-column-is-layout-flow\" style=\"flex-basis:33.3%\"><div class=\"wp-block-image is-style-default\">\n<figure class=\"aligncenter size-large is-resized\"><a href=\"http:\/\/blog.phoenixcontact.com\/services\/wp-content\/uploads\/sites\/23\/2022\/07\/A8-scaled.jpg\"><img loading=\"lazy\" decoding=\"async\" src=\"http:\/\/blog.phoenixcontact.com\/services\/wp-content\/uploads\/sites\/23\/2022\/07\/A8-1024x683.jpg\" alt=\"Nachlaufzeitmessung2\" class=\"wp-image-9533\" width=\"512\" height=\"342\" srcset=\"https:\/\/blog.phoenixcontact.com\/services\/wp-content\/uploads\/sites\/23\/2022\/07\/A8-1024x683.jpg 1024w, https:\/\/blog.phoenixcontact.com\/services\/wp-content\/uploads\/sites\/23\/2022\/07\/A8-300x200.jpg 300w, https:\/\/blog.phoenixcontact.com\/services\/wp-content\/uploads\/sites\/23\/2022\/07\/A8-768x512.jpg 768w, https:\/\/blog.phoenixcontact.com\/services\/wp-content\/uploads\/sites\/23\/2022\/07\/A8-1536x1024.jpg 1536w, https:\/\/blog.phoenixcontact.com\/services\/wp-content\/uploads\/sites\/23\/2022\/07\/A8-2048x1365.jpg 2048w\" sizes=\"auto, (max-width: 512px) 100vw, 512px\" \/><\/a><\/figure><\/div><\/div>\n\n\n\n<div class=\"wp-block-column is-vertically-aligned-center is-layout-flow wp-block-column-is-layout-flow\" style=\"flex-basis:66.66%\">\n<p class=\"has-text-align-left has-medium-font-size\">Die Ausgangsbasis sind Ihre individuellen Schutzeinrichtungen<\/p>\n\n\n\n<ul class=\"wp-block-list\"><li>Bestimmung der individuellen Nachlaufzeit<\/li><li>Messung an ber\u00fchrungslos wirkenden Schutzeinrichtungen und trennenden Schutzeinrichtungen (Schutzt\u00fcren bei Bedarf)<\/li><li>Ermittlung und Abgleich mit dem notwendigen Sicherheitsabstand<\/li><li>Auflistung notwendiger Korrekturma\u00dfnahmen<\/li><li>Anbringung eines Pr\u00fcfsiegels<\/li><li>Katalogisierung<\/li><\/ul>\n<\/div>\n<\/div>\n<\/div>\n\n\n\n<div class=\"wp-block-column is-vertically-aligned-top is-layout-flow wp-block-column-is-layout-flow\">\n<p class=\"has-text-align-center has-very-light-gray-background-color has-background has-medium-font-size\"><strong><strong>1. BWS-Pr\u00fcfung<\/strong><\/strong><\/p>\n\n\n\n<div class=\"wp-block-columns is-layout-flex wp-container-core-columns-is-layout-9d6595d7 wp-block-columns-is-layout-flex\">\n<div class=\"wp-block-column is-vertically-aligned-top is-layout-flow wp-block-column-is-layout-flow\" style=\"flex-basis:33.3%\"><div class=\"wp-block-image is-style-default\">\n<figure class=\"aligncenter size-large is-resized\"><img loading=\"lazy\" decoding=\"async\" src=\"http:\/\/blog.phoenixcontact.com\/wp-content\/uploads\/sites\/23\/2020\/10\/Lichtschranke.jpg\" alt=\"Maschine mit bewegungslos wirkenden Schutzeinrichtungen\" class=\"wp-image-6437\" width=\"422\" height=\"281\" \/><\/figure><\/div><\/div>\n\n\n\n<div class=\"wp-block-column is-vertically-aligned-center is-layout-flow wp-block-column-is-layout-flow\" style=\"flex-basis:66.66%\">\n<p class=\"has-text-align-left has-medium-font-size\">Erstpr\u00fcfung und Wiederholungspr\u00fcfung Ihrer ber\u00fchrungslos wirkenden Schutzeinrichtungen<\/p>\n\n\n\n<ul class=\"wp-block-list\"><li>Wiederkehrende \u00dcberpr\u00fcfung der Sicherheitsabst\u00e4nde gegen das Erreichen von Gef\u00e4hrdungsbereichen mit den oberen und unteren Gliedma\u00dfen gem\u00e4\u00df EN ISO 13855<\/li><li>\u00dcberpr\u00fcfung von Sicherheits-Lichtvorhang, Sicherheits-Lichtgitter, Sicherheits-Laserscanner, Sicherheits-Radarsystem und weiteren<\/li><li>Sichtpr\u00fcfung<\/li><li>Ggf. zus\u00e4tzliche Funktionspr\u00fcfungen<\/li><\/ul>\n<\/div>\n<\/div>\n<\/div>\n<\/div>\n\n\n\n<div class=\"wp-block-buttons is-horizontal is-content-justification-center is-layout-flex wp-container-core-buttons-is-layout-499968f5 wp-block-buttons-is-layout-flex\">\n<div class=\"wp-block-button is-style-fill\"><a class=\"wp-block-button__link has-text-color has-background\" href=\"https:\/\/scnem.com\/art_resource.php?sid=fjx81.2aslapc\" style=\"border-radius:17px;background:linear-gradient(45deg,rgb(0,153,161) 0%,rgb(0,91,96) 100%);color:#ffffff\" target=\"_blank\" rel=\"noreferrer noopener\"><strong>\u203a Kostenlose Erstberatung anfordern<\/strong><\/a><\/div>\n<\/div>\n\n\n\n<figure class=\"wp-block-video\"><video controls poster=\"http:\/\/blog.phoenixcontact.com\/services\/wp-content\/uploads\/sites\/23\/2021\/09\/NLZM.png\" src=\"http:\/\/blog.phoenixcontact.com\/services\/wp-content\/uploads\/sites\/23\/2021\/09\/simpleshow_Nachlaufzeitmessung.mp4\" playsinline><\/video><\/figure>\n\n\n\n<div style=\"height:40px\" aria-hidden=\"true\" class=\"wp-block-spacer\"><\/div>\n\n\n\n<hr class=\"wp-block-separator has-text-color has-css-opacity has-background is-style-wide\" style=\"background-color:#dadada;color:#dadada\" \/>\n\n\n\n<div style=\"height:30px\" aria-hidden=\"true\" class=\"wp-block-spacer\"><\/div>\n\n\n\n<div class=\"wp-block-columns is-layout-flex wp-container-core-columns-is-layout-9d6595d7 wp-block-columns-is-layout-flex\">\n<div class=\"wp-block-column is-vertically-aligned-top is-layout-flow wp-block-column-is-layout-flow\">\n<h2 class=\"wp-block-heading\">Dienstleistungen f\u00fcr Arbeitssicherheit von PHOENIX CONTACT sch\u00fctzen Mitarbeiter und Unternehmenswerte<\/h2>\n\n\n\n<div style=\"height:30px\" aria-hidden=\"true\" class=\"wp-block-spacer\"><\/div>\n\n\n\n<figure class=\"wp-block-gallery aligncenter has-nested-images columns-0 is-cropped wp-block-gallery-2 is-layout-flex wp-block-gallery-is-layout-flex\">\n<figure class=\"wp-block-image size-large\"><img loading=\"lazy\" decoding=\"async\" width=\"1078\" height=\"764\" data-id=\"6310\" src=\"http:\/\/blog.phoenixcontact.com\/wp-content\/uploads\/sites\/23\/2020\/09\/00002671_LARGE_FORMAT_PICTURE_CMYK-Kopie.png\" alt=\"\" class=\"wp-image-6310\" \/><figcaption>Maschinenbau<\/figcaption><\/figure>\n\n\n\n<figure class=\"wp-block-image size-large\"><img loading=\"lazy\" decoding=\"async\" width=\"900\" height=\"600\" data-id=\"6311\" src=\"http:\/\/blog.phoenixcontact.com\/wp-content\/uploads\/sites\/23\/2020\/09\/00004379_LARGE_FORMAT_PICTURE_RGB-Kopie.png\" alt=\"\" class=\"wp-image-6311\" \/><figcaption>Automatisierung<\/figcaption><\/figure>\n\n\n\n<figure class=\"wp-block-image size-large\"><img loading=\"lazy\" decoding=\"async\" width=\"1080\" height=\"720\" data-id=\"6312\" src=\"http:\/\/blog.phoenixcontact.com\/wp-content\/uploads\/sites\/23\/2020\/09\/00004419_LARGE_FORMAT_PICTURE_RGB-Kopie.png\" alt=\"\" class=\"wp-image-6312\" \/><figcaption>Maschinenbetreiber<\/figcaption><\/figure>\n\n\n\n<figure class=\"wp-block-image size-large\"><img loading=\"lazy\" decoding=\"async\" width=\"1122\" height=\"635\" data-id=\"6313\" src=\"http:\/\/blog.phoenixcontact.com\/wp-content\/uploads\/sites\/23\/2020\/09\/00020292_LARGE_FORMAT_PICTURE_RGB-Kopie.png\" alt=\"\" class=\"wp-image-6313\" \/><figcaption>Prozess- und Chemieindustrie<\/figcaption><\/figure>\n\n\n\n<figure class=\"wp-block-image size-large\"><img loading=\"lazy\" decoding=\"async\" width=\"1383\" height=\"778\" data-id=\"6314\" src=\"http:\/\/blog.phoenixcontact.com\/wp-content\/uploads\/sites\/23\/2020\/09\/00020660_LARGE_FORMAT_PICTURE_RGB-Kopie.png\" alt=\"\" class=\"wp-image-6314\" \/><figcaption>Energieversorgung<\/figcaption><\/figure>\n\n\n\n<figure class=\"wp-block-image size-large\"><img loading=\"lazy\" decoding=\"async\" width=\"1108\" height=\"763\" data-id=\"6315\" src=\"http:\/\/blog.phoenixcontact.com\/wp-content\/uploads\/sites\/23\/2020\/09\/00022279_LARGE_FORMAT_PICTURE_RGB-Kopie.png\" alt=\"\" class=\"wp-image-6315\" \/><figcaption>Geb\u00e4udeautomation<\/figcaption><\/figure>\n<\/figure>\n<\/div>\n\n\n\n<div class=\"wp-block-column is-vertically-aligned-top is-layout-flow wp-block-column-is-layout-flow\" style=\"flex-basis:5%\"><\/div>\n\n\n\n<div class=\"wp-block-column is-layout-flow wp-block-column-is-layout-flow\">\n<h2 class=\"wp-block-heading\">Sorgen Sie f\u00fcr einen sicheres Arbeitsmittel f\u00fcr Ihre Mitarbeiter und reduzieren Sie gezielt Gefahren<\/h2>\n\n\n\n<div style=\"height:30px\" aria-hidden=\"true\" class=\"wp-block-spacer\"><\/div>\n\n\n\n<div class=\"wp-block-columns are-vertically-aligned-center is-layout-flex wp-container-core-columns-is-layout-9d6595d7 wp-block-columns-is-layout-flex\">\n<div class=\"wp-block-column is-vertically-aligned-center is-layout-flow wp-block-column-is-layout-flow\" style=\"flex-basis:10%\"><div class=\"wp-block-image is-style-default\">\n<figure class=\"alignleft size-large is-resized\"><img loading=\"lazy\" decoding=\"async\" src=\"http:\/\/blog.phoenixcontact.com\/wp-content\/uploads\/sites\/23\/2020\/08\/Check-Icon-3.png\" alt=\"\" class=\"wp-image-6183\" width=\"35\" height=\"40\" \/><\/figure><\/div><\/div>\n\n\n\n<div class=\"wp-block-column is-vertically-aligned-center is-layout-flow wp-block-column-is-layout-flow\" style=\"flex-basis:100%\">\n<p class=\"has-text-align-left has-medium-font-size\"><strong><strong><strong><strong>Rechtssicherheit durch Einhaltung der gesetzlichen Anforderungen<\/strong><\/strong><\/strong><\/strong><\/p>\n<\/div>\n<\/div>\n\n\n\n<div class=\"wp-block-columns are-vertically-aligned-center is-layout-flex wp-container-core-columns-is-layout-9d6595d7 wp-block-columns-is-layout-flex\">\n<div class=\"wp-block-column is-vertically-aligned-center is-layout-flow wp-block-column-is-layout-flow\" style=\"flex-basis:10%\"><div class=\"wp-block-image is-style-default\">\n<figure class=\"alignleft size-large is-resized\"><img loading=\"lazy\" decoding=\"async\" src=\"http:\/\/blog.phoenixcontact.com\/wp-content\/uploads\/sites\/23\/2020\/08\/Check-Icon-3.png\" alt=\"\" class=\"wp-image-6183\" width=\"35\" height=\"40\" \/><\/figure><\/div><\/div>\n\n\n\n<div class=\"wp-block-column is-vertically-aligned-center is-layout-flow wp-block-column-is-layout-flow\" style=\"flex-basis:100%\">\n<p class=\"has-text-align-left has-medium-font-size\"><strong><strong><strong><strong>Optimierung der Verf\u00fcgbarkeit und Produktivit\u00e4t Ihrer Anlagen<\/strong><\/strong><\/strong><\/strong><\/p>\n<\/div>\n<\/div>\n\n\n\n<div class=\"wp-block-columns are-vertically-aligned-center is-layout-flex wp-container-core-columns-is-layout-9d6595d7 wp-block-columns-is-layout-flex\">\n<div class=\"wp-block-column is-vertically-aligned-center is-layout-flow wp-block-column-is-layout-flow\" style=\"flex-basis:10%\"><div class=\"wp-block-image is-style-default\">\n<figure class=\"alignleft size-large is-resized\"><img loading=\"lazy\" decoding=\"async\" src=\"http:\/\/blog.phoenixcontact.com\/wp-content\/uploads\/sites\/23\/2020\/08\/Check-Icon-3.png\" alt=\"\" class=\"wp-image-6183\" width=\"35\" height=\"40\" \/><\/figure><\/div><\/div>\n\n\n\n<div class=\"wp-block-column is-vertically-aligned-center is-layout-flow wp-block-column-is-layout-flow\" style=\"flex-basis:100%\">\n<p class=\"has-text-align-left has-medium-font-size\"><strong><strong><strong><strong><strong>Umfassende Sicherheitsl\u00f6sungen aus einer Hand<\/strong><\/strong><\/strong><\/strong><\/strong><\/p>\n<\/div>\n<\/div>\n<\/div>\n<\/div>\n\n\n\n<div style=\"height:20px\" aria-hidden=\"true\" class=\"wp-block-spacer\"><\/div>\n\n\n\n<div class=\"wp-block-buttons is-horizontal is-content-justification-center is-layout-flex wp-container-core-buttons-is-layout-499968f5 wp-block-buttons-is-layout-flex\">\n<div class=\"wp-block-button is-style-fill\"><a class=\"wp-block-button__link has-text-color has-background\" href=\"https:\/\/scnem.com\/art_resource.php?sid=fjx81.2aslapc\" style=\"border-radius:17px;background:linear-gradient(45deg,rgb(0,153,161) 0%,rgb(0,91,96) 100%);color:#ffffff\" target=\"_blank\" rel=\"noreferrer noopener\"><strong>\u203a Kostenlose Erstberatung anfordern<\/strong><\/a><\/div>\n<\/div>\n\n\n\n<div style=\"height:40px\" aria-hidden=\"true\" class=\"wp-block-spacer\"><\/div>\n\n\n\n<p><\/p>\n","protected":false},"excerpt":{"rendered":"<p>ZIELE UND INHALTE UNSERES EINZELPAKETES Pr\u00fcfung von ber\u00fchrungslos wirkenden Schutzeinrichtungen Als produktunabh\u00e4ngiger Partner unterst\u00fctzen wir Sie bei der \u00dcberpr\u00fcfung und Messung des Sicherheitsabstandes Ihrer nicht trennenden Schutzeinrichtung und von Schutzt\u00fcren. 0. Nachlaufzeitmessung Die Ausgangsbasis sind Ihre individuellen Schutzeinrichtungen Bestimmung der individuellen Nachlaufzeit Messung an ber\u00fchrungslos wirkenden Schutzeinrichtungen und trennenden Schutzeinrichtungen (Schutzt\u00fcren bei Bedarf) Ermittlung und [&hellip;]<\/p>\n","protected":false},"author":305,"featured_media":0,"parent":5587,"menu_order":4,"comment_status":"closed","ping_status":"closed","template":"","meta":{"footnotes":""},"class_list":["post-6399","page","type-page","status-publish","hentry"],"yoast_head":"<!-- This site is optimized with the Yoast SEO plugin v24.7 - https:\/\/yoast.com\/wordpress\/plugins\/seo\/ -->\n<title>Nachlaufzeitmessung und BWS-Pr\u00fcfung| Service | Industrial Services von Phoenix Contact<\/title>\n<meta name=\"description\" content=\"Dienstleistung Nachlaufzeitmessung | PHOENIX CONTACT evaluiert produktunabh\u00e4ning den Schutz vor gefahrbringenden Bewegungen Ihrer BWS\" \/>\n<meta name=\"robots\" content=\"index, follow, max-snippet:-1, max-image-preview:large, max-video-preview:-1\" \/>\n<link rel=\"canonical\" href=\"https:\/\/blog.phoenixcontact.com\/services\/arbeitssicherheit\/nachlaufzeitmessung\" \/>\n<meta property=\"og:locale\" content=\"de_DE\" \/>\n<meta property=\"og:type\" content=\"article\" \/>\n<meta property=\"og:title\" content=\"Nachlaufzeitmessung und BWS-Pr\u00fcfung| Service | Industrial Services von Phoenix Contact\" \/>\n<meta property=\"og:description\" content=\"Dienstleistung Nachlaufzeitmessung | PHOENIX CONTACT evaluiert produktunabh\u00e4ning den Schutz vor gefahrbringenden Bewegungen Ihrer BWS\" \/>\n<meta property=\"og:url\" content=\"https:\/\/blog.phoenixcontact.com\/services\/arbeitssicherheit\/nachlaufzeitmessung\" \/>\n<meta property=\"og:site_name\" content=\"Industrial Services von Phoenix Contact\" \/>\n<meta property=\"article:modified_time\" content=\"2024-07-17T12:53:27+00:00\" \/>\n<meta property=\"og:image\" content=\"https:\/\/blog.phoenixcontact.com\/services\/wp-content\/uploads\/sites\/23\/2020\/11\/Arbeitssicherheit-6-1024x264.png\" \/>\n<meta name=\"twitter:card\" content=\"summary_large_image\" \/>\n<meta name=\"twitter:label1\" content=\"Gesch\u00e4tzte Lesezeit\" \/>\n\t<meta name=\"twitter:data1\" content=\"4\u00a0Minuten\" \/>\n<script type=\"application\/ld+json\" class=\"yoast-schema-graph\">{\"@context\":\"https:\/\/schema.org\",\"@graph\":[{\"@type\":\"WebPage\",\"@id\":\"https:\/\/blog.phoenixcontact.com\/services\/arbeitssicherheit\/nachlaufzeitmessung\",\"url\":\"https:\/\/blog.phoenixcontact.com\/services\/arbeitssicherheit\/nachlaufzeitmessung\",\"name\":\"Nachlaufzeitmessung und BWS-Pr\u00fcfung| Service | Industrial Services von Phoenix Contact\",\"isPartOf\":{\"@id\":\"https:\/\/blog.phoenixcontact.com\/services\/#website\"},\"primaryImageOfPage\":{\"@id\":\"https:\/\/blog.phoenixcontact.com\/services\/arbeitssicherheit\/nachlaufzeitmessung#primaryimage\"},\"image\":{\"@id\":\"https:\/\/blog.phoenixcontact.com\/services\/arbeitssicherheit\/nachlaufzeitmessung#primaryimage\"},\"thumbnailUrl\":\"http:\/\/blog.phoenixcontact.com\/services\/wp-content\/uploads\/sites\/23\/2020\/11\/Arbeitssicherheit-6-1024x264.png\",\"datePublished\":\"2020-10-05T13:40:19+00:00\",\"dateModified\":\"2024-07-17T12:53:27+00:00\",\"description\":\"Dienstleistung Nachlaufzeitmessung | PHOENIX CONTACT evaluiert produktunabh\u00e4ning den Schutz vor gefahrbringenden Bewegungen Ihrer BWS\",\"breadcrumb\":{\"@id\":\"https:\/\/blog.phoenixcontact.com\/services\/arbeitssicherheit\/nachlaufzeitmessung#breadcrumb\"},\"inLanguage\":\"de\",\"potentialAction\":[{\"@type\":\"ReadAction\",\"target\":[\"https:\/\/blog.phoenixcontact.com\/services\/arbeitssicherheit\/nachlaufzeitmessung\"]}]},{\"@type\":\"ImageObject\",\"inLanguage\":\"de\",\"@id\":\"https:\/\/blog.phoenixcontact.com\/services\/arbeitssicherheit\/nachlaufzeitmessung#primaryimage\",\"url\":\"https:\/\/blog.phoenixcontact.com\/services\/wp-content\/uploads\/sites\/23\/2020\/11\/Arbeitssicherheit-6.png\",\"contentUrl\":\"https:\/\/blog.phoenixcontact.com\/services\/wp-content\/uploads\/sites\/23\/2020\/11\/Arbeitssicherheit-6.png\",\"width\":1115,\"height\":287},{\"@type\":\"BreadcrumbList\",\"@id\":\"https:\/\/blog.phoenixcontact.com\/services\/arbeitssicherheit\/nachlaufzeitmessung#breadcrumb\",\"itemListElement\":[{\"@type\":\"ListItem\",\"position\":1,\"name\":\"Startseite\",\"item\":\"https:\/\/blog.phoenixcontact.com\/services\"},{\"@type\":\"ListItem\",\"position\":2,\"name\":\"Arbeitssicherheit\",\"item\":\"https:\/\/blog.phoenixcontact.com\/services\/arbeitssicherheit\"},{\"@type\":\"ListItem\",\"position\":3,\"name\":\"Nachlaufzeitmessung und BWS-Pr\u00fcfung| Service\"}]},{\"@type\":\"WebSite\",\"@id\":\"https:\/\/blog.phoenixcontact.com\/services\/#website\",\"url\":\"https:\/\/blog.phoenixcontact.com\/services\/\",\"name\":\"PHOENIX CONTACT\",\"description\":\"Security -  Safety - CE\",\"potentialAction\":[{\"@type\":\"SearchAction\",\"target\":{\"@type\":\"EntryPoint\",\"urlTemplate\":\"https:\/\/blog.phoenixcontact.com\/services\/?s={search_term_string}\"},\"query-input\":{\"@type\":\"PropertyValueSpecification\",\"valueRequired\":true,\"valueName\":\"search_term_string\"}}],\"inLanguage\":\"de\"}]}<\/script>\n<!-- \/ Yoast SEO plugin. -->","yoast_head_json":{"title":"Nachlaufzeitmessung und BWS-Pr\u00fcfung| Service | Industrial Services von Phoenix Contact","description":"Dienstleistung Nachlaufzeitmessung | PHOENIX CONTACT evaluiert produktunabh\u00e4ning den Schutz vor gefahrbringenden Bewegungen Ihrer BWS","robots":{"index":"index","follow":"follow","max-snippet":"max-snippet:-1","max-image-preview":"max-image-preview:large","max-video-preview":"max-video-preview:-1"},"canonical":"https:\/\/blog.phoenixcontact.com\/services\/arbeitssicherheit\/nachlaufzeitmessung","og_locale":"de_DE","og_type":"article","og_title":"Nachlaufzeitmessung und BWS-Pr\u00fcfung| Service | Industrial Services von Phoenix Contact","og_description":"Dienstleistung Nachlaufzeitmessung | PHOENIX CONTACT evaluiert produktunabh\u00e4ning den Schutz vor gefahrbringenden Bewegungen Ihrer BWS","og_url":"https:\/\/blog.phoenixcontact.com\/services\/arbeitssicherheit\/nachlaufzeitmessung","og_site_name":"Industrial Services von Phoenix Contact","article_modified_time":"2024-07-17T12:53:27+00:00","og_image":[{"url":"https:\/\/blog.phoenixcontact.com\/services\/wp-content\/uploads\/sites\/23\/2020\/11\/Arbeitssicherheit-6-1024x264.png","type":"","width":"","height":""}],"twitter_card":"summary_large_image","twitter_misc":{"Gesch\u00e4tzte Lesezeit":"4\u00a0Minuten"},"schema":{"@context":"https:\/\/schema.org","@graph":[{"@type":"WebPage","@id":"https:\/\/blog.phoenixcontact.com\/services\/arbeitssicherheit\/nachlaufzeitmessung","url":"https:\/\/blog.phoenixcontact.com\/services\/arbeitssicherheit\/nachlaufzeitmessung","name":"Nachlaufzeitmessung und BWS-Pr\u00fcfung| Service | Industrial Services von Phoenix Contact","isPartOf":{"@id":"https:\/\/blog.phoenixcontact.com\/services\/#website"},"primaryImageOfPage":{"@id":"https:\/\/blog.phoenixcontact.com\/services\/arbeitssicherheit\/nachlaufzeitmessung#primaryimage"},"image":{"@id":"https:\/\/blog.phoenixcontact.com\/services\/arbeitssicherheit\/nachlaufzeitmessung#primaryimage"},"thumbnailUrl":"http:\/\/blog.phoenixcontact.com\/services\/wp-content\/uploads\/sites\/23\/2020\/11\/Arbeitssicherheit-6-1024x264.png","datePublished":"2020-10-05T13:40:19+00:00","dateModified":"2024-07-17T12:53:27+00:00","description":"Dienstleistung Nachlaufzeitmessung | PHOENIX CONTACT evaluiert produktunabh\u00e4ning den Schutz vor gefahrbringenden Bewegungen Ihrer BWS","breadcrumb":{"@id":"https:\/\/blog.phoenixcontact.com\/services\/arbeitssicherheit\/nachlaufzeitmessung#breadcrumb"},"inLanguage":"de","potentialAction":[{"@type":"ReadAction","target":["https:\/\/blog.phoenixcontact.com\/services\/arbeitssicherheit\/nachlaufzeitmessung"]}]},{"@type":"ImageObject","inLanguage":"de","@id":"https:\/\/blog.phoenixcontact.com\/services\/arbeitssicherheit\/nachlaufzeitmessung#primaryimage","url":"https:\/\/blog.phoenixcontact.com\/services\/wp-content\/uploads\/sites\/23\/2020\/11\/Arbeitssicherheit-6.png","contentUrl":"https:\/\/blog.phoenixcontact.com\/services\/wp-content\/uploads\/sites\/23\/2020\/11\/Arbeitssicherheit-6.png","width":1115,"height":287},{"@type":"BreadcrumbList","@id":"https:\/\/blog.phoenixcontact.com\/services\/arbeitssicherheit\/nachlaufzeitmessung#breadcrumb","itemListElement":[{"@type":"ListItem","position":1,"name":"Startseite","item":"https:\/\/blog.phoenixcontact.com\/services"},{"@type":"ListItem","position":2,"name":"Arbeitssicherheit","item":"https:\/\/blog.phoenixcontact.com\/services\/arbeitssicherheit"},{"@type":"ListItem","position":3,"name":"Nachlaufzeitmessung und BWS-Pr\u00fcfung| Service"}]},{"@type":"WebSite","@id":"https:\/\/blog.phoenixcontact.com\/services\/#website","url":"https:\/\/blog.phoenixcontact.com\/services\/","name":"PHOENIX CONTACT","description":"Security -  Safety - CE","potentialAction":[{"@type":"SearchAction","target":{"@type":"EntryPoint","urlTemplate":"https:\/\/blog.phoenixcontact.com\/services\/?s={search_term_string}"},"query-input":{"@type":"PropertyValueSpecification","valueRequired":true,"valueName":"search_term_string"}}],"inLanguage":"de"}]}},"_links":{"self":[{"href":"https:\/\/blog.phoenixcontact.com\/services\/wp-json\/wp\/v2\/pages\/6399","targetHints":{"allow":["GET"]}}],"collection":[{"href":"https:\/\/blog.phoenixcontact.com\/services\/wp-json\/wp\/v2\/pages"}],"about":[{"href":"https:\/\/blog.phoenixcontact.com\/services\/wp-json\/wp\/v2\/types\/page"}],"author":[{"embeddable":true,"href":"https:\/\/blog.phoenixcontact.com\/services\/wp-json\/wp\/v2\/users\/305"}],"replies":[{"embeddable":true,"href":"https:\/\/blog.phoenixcontact.com\/services\/wp-json\/wp\/v2\/comments?post=6399"}],"version-history":[{"count":5,"href":"https:\/\/blog.phoenixcontact.com\/services\/wp-json\/wp\/v2\/pages\/6399\/revisions"}],"predecessor-version":[{"id":9932,"href":"https:\/\/blog.phoenixcontact.com\/services\/wp-json\/wp\/v2\/pages\/6399\/revisions\/9932"}],"up":[{"embeddable":true,"href":"https:\/\/blog.phoenixcontact.com\/services\/wp-json\/wp\/v2\/pages\/5587"}],"wp:attachment":[{"href":"https:\/\/blog.phoenixcontact.com\/services\/wp-json\/wp\/v2\/media?parent=6399"}],"curies":[{"name":"wp","href":"https:\/\/api.w.org\/{rel}","templated":true}]}}