{"id":6233,"date":"2020-08-25T13:53:09","date_gmt":"2020-08-25T11:53:09","guid":{"rendered":"http:\/\/blog-dev.europe.phoenixcontact.com\/services\/?page_id=6233"},"modified":"2021-05-04T18:18:23","modified_gmt":"2021-05-04T16:18:23","slug":"ueber-uns-2","status":"publish","type":"page","link":"https:\/\/blog.phoenixcontact.com\/services\/ueber-uns-2","title":{"rendered":"\u00dcber uns"},"content":{"rendered":"\n<figure class=\"wp-block-image size-large is-style-default\"><img decoding=\"async\" src=\"http:\/\/blog.phoenixcontact.com\/servicesnew\/wp-content\/themes\/rt_zenith\/custom\/blog-23\/images\/IMG_78251.JPG\" alt=\"\" \/><\/figure>\n\n\n\n<figure class=\"wp-block-pullquote is-style-solid-color\"><blockquote><p><strong>\u201eWir glauben an eine sichere Industrie f\u00fcr Menschen und Maschinen\u201c<\/strong><\/p><cite><em>VISION PHOENIX CONTACT &#8211; INDUSTRIAL SECURITY AND SAFETY SERVICES<\/em><\/cite><\/blockquote><\/figure>\n\n\n\n<p><\/p>\n\n\n\n<p class=\"has-text-align-center\" style=\"font-size:22px\">Unsere Vision treibt uns an und verk\u00f6rpert unser Handeln. Mit jedem abgeschlossenen Projekt, mit jeder abgeschlossenen Dienstleistung kommen wir dieser Idealvorstellung einen Schritt n\u00e4her. Auch wenn wir nie eine 100%ig sichere Industrie sicherstellen werden, gibt unsere Vision unseren Kunden und Mitarbeitern eine Richtung vor.<\/p>\n\n\n\n<div style=\"height:40px\" aria-hidden=\"true\" class=\"wp-block-spacer\"><\/div>\n\n\n\n<div class=\"wp-block-media-text alignwide is-stacked-on-mobile is-vertically-aligned-center\" style=\"grid-template-columns:58% auto\"><figure class=\"wp-block-media-text__media\"><img loading=\"lazy\" decoding=\"async\" width=\"792\" height=\"420\" src=\"http:\/\/blog.phoenixcontact.com\/wp-content\/uploads\/sites\/23\/2020\/08\/Industrial-Security-and-Safety-Services-\u00dcberblick.png\" alt=\"\" class=\"wp-image-6234\" \/><\/figure><div class=\"wp-block-media-text__content\">\n<p class=\"has-medium-font-size\">Unsere Mission: <em>Ihr Partner f\u00fcr produktunabh\u00e4ngige Dienstleitungen f\u00fcr die Sicherheit in der Industrie<\/em> beschreibt unseren Zweck. T\u00e4glich sind wir f\u00fcr unsere Kunden Partner auf Augenh\u00f6he. T\u00e4glich unterst\u00fctzen wir Sie dabei Ihre Herausforderungen im Kontext sichere Industrie zu bew\u00e4ltigen. Diese Mission setzen wir in unseren vier Kompetenzfeldern um. F\u00fcr unsere Kunden haben wir mehrere Dienstleistungsarten entwickelt, um den individuellen Kundenanforderungen gerecht zu werden.<\/p>\n<\/div><\/div>\n\n\n\n<hr class=\"wp-block-separator has-text-color has-background has-cyan-bluish-gray-background-color has-cyan-bluish-gray-color is-style-default\" \/>\n\n\n\n<div style=\"height:40px\" aria-hidden=\"true\" class=\"wp-block-spacer\"><\/div>\n\n\n\n<p class=\"has-text-align-left has-medium-font-size\"><strong>Unsere Kompetenzfelder<\/strong><\/p>\n\n\n\n<div class=\"wp-block-columns is-layout-flex wp-container-core-columns-is-layout-9d6595d7 wp-block-columns-is-layout-flex\">\n<div class=\"wp-block-column is-layout-flow wp-block-column-is-layout-flow\">\n<div class=\"wp-block-image is-style-default\"><figure class=\"aligncenter size-large\"><a href=\"http:\/\/blog.phoenixcontact.com\/services\/industrial-security\"><img loading=\"lazy\" decoding=\"async\" width=\"1001\" height=\"454\" src=\"http:\/\/blog.phoenixcontact.com\/wp-content\/uploads\/sites\/23\/2020\/08\/Security-Home-2-2.png\" alt=\"\" class=\"wp-image-6285\" \/><\/a><figcaption>Industrial Security<\/figcaption><\/figure><\/div>\n<\/div>\n\n\n\n<div class=\"wp-block-column is-layout-flow wp-block-column-is-layout-flow\">\n<div class=\"wp-block-image is-style-default\"><figure class=\"aligncenter size-large is-resized\"><a href=\"http:\/\/blog.phoenixcontact.com\/services\/ce-kennzeichnung-maschine\"><img loading=\"lazy\" decoding=\"async\" src=\"http:\/\/blog.phoenixcontact.com\/wp-content\/uploads\/sites\/23\/2020\/08\/CE-Maschine-Home-1-2.png\" alt=\"\" class=\"wp-image-6287\" width=\"90\" height=\"40\" \/><\/a><figcaption>CE-Kennzeichnung Maschine<\/figcaption><\/figure><\/div>\n<\/div>\n\n\n\n<div class=\"wp-block-column is-layout-flow wp-block-column-is-layout-flow\">\n<figure class=\"wp-block-image size-large is-style-default\"><a href=\"http:\/\/blog.phoenixcontact.com\/services\/ce-kenzeichnung-schaltschrank\"><img loading=\"lazy\" decoding=\"async\" width=\"1023\" height=\"465\" src=\"http:\/\/blog.phoenixcontact.com\/wp-content\/uploads\/sites\/23\/2020\/08\/CE-Schaltschrank-Home-1-3.png\" alt=\"\" class=\"wp-image-6288\" \/><\/a><figcaption>CE-Kennzeichnung Schaltschrank<\/figcaption><\/figure>\n<\/div>\n\n\n\n<div class=\"wp-block-column is-layout-flow wp-block-column-is-layout-flow\">\n<div class=\"wp-block-image is-style-default\"><figure class=\"aligncenter size-large\"><a href=\"http:\/\/blog.phoenixcontact.com\/services\/arbeitssicherheit\"><img loading=\"lazy\" decoding=\"async\" width=\"1000\" height=\"454\" src=\"http:\/\/blog.phoenixcontact.com\/wp-content\/uploads\/sites\/23\/2020\/08\/Arbeitssicherheit-Home-1-2.png\" alt=\"\" class=\"wp-image-6289\" \/><\/a><figcaption>Arbeitssicherheit<\/figcaption><\/figure><\/div>\n<\/div>\n\n\n\n<div class=\"wp-block-column is-layout-flow wp-block-column-is-layout-flow\">\n<figure class=\"wp-block-image size-large is-style-default\"><a href=\"http:\/\/blog.phoenixcontact.com\/services\/prozesssicherheit\"><img loading=\"lazy\" decoding=\"async\" width=\"1001\" height=\"453\" src=\"http:\/\/blog.phoenixcontact.com\/wp-content\/uploads\/sites\/23\/2020\/08\/Prozesssicherheit-Home-1-3.png\" alt=\"\" class=\"wp-image-6290\" \/><\/a><figcaption>Prozesssicherheit<\/figcaption><\/figure>\n<\/div>\n<\/div>\n","protected":false},"excerpt":{"rendered":"<p>\u201eWir glauben an eine sichere Industrie f\u00fcr Menschen und Maschinen\u201c VISION PHOENIX CONTACT &#8211; INDUSTRIAL SECURITY AND SAFETY SERVICES Unsere Vision treibt uns an und verk\u00f6rpert unser Handeln. Mit jedem abgeschlossenen Projekt, mit jeder abgeschlossenen Dienstleistung kommen wir dieser Idealvorstellung einen Schritt n\u00e4her. Auch wenn wir nie eine 100%ig sichere Industrie sicherstellen werden, gibt unsere [&hellip;]<\/p>\n","protected":false},"author":195,"featured_media":0,"parent":0,"menu_order":16,"comment_status":"closed","ping_status":"closed","template":"","meta":{"footnotes":""},"class_list":["post-6233","page","type-page","status-publish","hentry"],"yoast_head":"<!-- This site is optimized with the Yoast SEO plugin v24.7 - https:\/\/yoast.com\/wordpress\/plugins\/seo\/ -->\n<title>\u00dcber uns | Industrial Services von Phoenix Contact<\/title>\n<meta name=\"robots\" content=\"index, follow, max-snippet:-1, max-image-preview:large, max-video-preview:-1\" \/>\n<link rel=\"canonical\" href=\"https:\/\/blog.phoenixcontact.com\/services\/ueber-uns-2\" \/>\n<meta property=\"og:locale\" content=\"de_DE\" \/>\n<meta property=\"og:type\" content=\"article\" \/>\n<meta property=\"og:title\" content=\"\u00dcber uns | Industrial Services von Phoenix Contact\" \/>\n<meta property=\"og:description\" content=\"\u201eWir glauben an eine sichere Industrie f\u00fcr Menschen und Maschinen\u201c VISION PHOENIX CONTACT &#8211; INDUSTRIAL SECURITY AND SAFETY SERVICES Unsere Vision treibt uns an und verk\u00f6rpert unser Handeln. Mit jedem abgeschlossenen Projekt, mit jeder abgeschlossenen Dienstleistung kommen wir dieser Idealvorstellung einen Schritt n\u00e4her. Auch wenn wir nie eine 100%ig sichere Industrie sicherstellen werden, gibt unsere [&hellip;]\" \/>\n<meta property=\"og:url\" content=\"https:\/\/blog.phoenixcontact.com\/services\/ueber-uns-2\" \/>\n<meta property=\"og:site_name\" content=\"Industrial Services von Phoenix Contact\" \/>\n<meta property=\"article:modified_time\" content=\"2021-05-04T16:18:23+00:00\" \/>\n<meta property=\"og:image\" content=\"https:\/\/blog.phoenixcontact.com\/servicesnew\/wp-content\/themes\/rt_zenith\/custom\/blog-23\/images\/IMG_78251.JPG\" \/>\n<meta name=\"twitter:card\" content=\"summary_large_image\" \/>\n<meta name=\"twitter:label1\" content=\"Gesch\u00e4tzte Lesezeit\" \/>\n\t<meta name=\"twitter:data1\" content=\"1\u00a0Minute\" \/>\n<script type=\"application\/ld+json\" class=\"yoast-schema-graph\">{\"@context\":\"https:\/\/schema.org\",\"@graph\":[{\"@type\":\"WebPage\",\"@id\":\"https:\/\/blog.phoenixcontact.com\/services\/ueber-uns-2\",\"url\":\"https:\/\/blog.phoenixcontact.com\/services\/ueber-uns-2\",\"name\":\"\u00dcber uns | Industrial Services von Phoenix Contact\",\"isPartOf\":{\"@id\":\"https:\/\/blog.phoenixcontact.com\/services\/#website\"},\"primaryImageOfPage\":{\"@id\":\"https:\/\/blog.phoenixcontact.com\/services\/ueber-uns-2#primaryimage\"},\"image\":{\"@id\":\"https:\/\/blog.phoenixcontact.com\/services\/ueber-uns-2#primaryimage\"},\"thumbnailUrl\":\"http:\/\/blog.phoenixcontact.com\/servicesnew\/wp-content\/themes\/rt_zenith\/custom\/blog-23\/images\/IMG_78251.JPG\",\"datePublished\":\"2020-08-25T11:53:09+00:00\",\"dateModified\":\"2021-05-04T16:18:23+00:00\",\"breadcrumb\":{\"@id\":\"https:\/\/blog.phoenixcontact.com\/services\/ueber-uns-2#breadcrumb\"},\"inLanguage\":\"de\",\"potentialAction\":[{\"@type\":\"ReadAction\",\"target\":[\"https:\/\/blog.phoenixcontact.com\/services\/ueber-uns-2\"]}]},{\"@type\":\"ImageObject\",\"inLanguage\":\"de\",\"@id\":\"https:\/\/blog.phoenixcontact.com\/services\/ueber-uns-2#primaryimage\",\"url\":\"http:\/\/blog.phoenixcontact.com\/servicesnew\/wp-content\/themes\/rt_zenith\/custom\/blog-23\/images\/IMG_78251.JPG\",\"contentUrl\":\"http:\/\/blog.phoenixcontact.com\/servicesnew\/wp-content\/themes\/rt_zenith\/custom\/blog-23\/images\/IMG_78251.JPG\"},{\"@type\":\"BreadcrumbList\",\"@id\":\"https:\/\/blog.phoenixcontact.com\/services\/ueber-uns-2#breadcrumb\",\"itemListElement\":[{\"@type\":\"ListItem\",\"position\":1,\"name\":\"Startseite\",\"item\":\"https:\/\/blog.phoenixcontact.com\/services\"},{\"@type\":\"ListItem\",\"position\":2,\"name\":\"\u00dcber uns\"}]},{\"@type\":\"WebSite\",\"@id\":\"https:\/\/blog.phoenixcontact.com\/services\/#website\",\"url\":\"https:\/\/blog.phoenixcontact.com\/services\/\",\"name\":\"PHOENIX CONTACT\",\"description\":\"Security -  Safety - CE\",\"potentialAction\":[{\"@type\":\"SearchAction\",\"target\":{\"@type\":\"EntryPoint\",\"urlTemplate\":\"https:\/\/blog.phoenixcontact.com\/services\/?s={search_term_string}\"},\"query-input\":{\"@type\":\"PropertyValueSpecification\",\"valueRequired\":true,\"valueName\":\"search_term_string\"}}],\"inLanguage\":\"de\"}]}<\/script>\n<!-- \/ Yoast SEO plugin. -->","yoast_head_json":{"title":"\u00dcber uns | Industrial Services von Phoenix Contact","robots":{"index":"index","follow":"follow","max-snippet":"max-snippet:-1","max-image-preview":"max-image-preview:large","max-video-preview":"max-video-preview:-1"},"canonical":"https:\/\/blog.phoenixcontact.com\/services\/ueber-uns-2","og_locale":"de_DE","og_type":"article","og_title":"\u00dcber uns | Industrial Services von Phoenix Contact","og_description":"\u201eWir glauben an eine sichere Industrie f\u00fcr Menschen und Maschinen\u201c VISION PHOENIX CONTACT &#8211; INDUSTRIAL SECURITY AND SAFETY SERVICES Unsere Vision treibt uns an und verk\u00f6rpert unser Handeln. Mit jedem abgeschlossenen Projekt, mit jeder abgeschlossenen Dienstleistung kommen wir dieser Idealvorstellung einen Schritt n\u00e4her. Auch wenn wir nie eine 100%ig sichere Industrie sicherstellen werden, gibt unsere [&hellip;]","og_url":"https:\/\/blog.phoenixcontact.com\/services\/ueber-uns-2","og_site_name":"Industrial Services von Phoenix Contact","article_modified_time":"2021-05-04T16:18:23+00:00","og_image":[{"url":"https:\/\/blog.phoenixcontact.com\/servicesnew\/wp-content\/themes\/rt_zenith\/custom\/blog-23\/images\/IMG_78251.JPG","type":"","width":"","height":""}],"twitter_card":"summary_large_image","twitter_misc":{"Gesch\u00e4tzte Lesezeit":"1\u00a0Minute"},"schema":{"@context":"https:\/\/schema.org","@graph":[{"@type":"WebPage","@id":"https:\/\/blog.phoenixcontact.com\/services\/ueber-uns-2","url":"https:\/\/blog.phoenixcontact.com\/services\/ueber-uns-2","name":"\u00dcber uns | Industrial Services von Phoenix Contact","isPartOf":{"@id":"https:\/\/blog.phoenixcontact.com\/services\/#website"},"primaryImageOfPage":{"@id":"https:\/\/blog.phoenixcontact.com\/services\/ueber-uns-2#primaryimage"},"image":{"@id":"https:\/\/blog.phoenixcontact.com\/services\/ueber-uns-2#primaryimage"},"thumbnailUrl":"http:\/\/blog.phoenixcontact.com\/servicesnew\/wp-content\/themes\/rt_zenith\/custom\/blog-23\/images\/IMG_78251.JPG","datePublished":"2020-08-25T11:53:09+00:00","dateModified":"2021-05-04T16:18:23+00:00","breadcrumb":{"@id":"https:\/\/blog.phoenixcontact.com\/services\/ueber-uns-2#breadcrumb"},"inLanguage":"de","potentialAction":[{"@type":"ReadAction","target":["https:\/\/blog.phoenixcontact.com\/services\/ueber-uns-2"]}]},{"@type":"ImageObject","inLanguage":"de","@id":"https:\/\/blog.phoenixcontact.com\/services\/ueber-uns-2#primaryimage","url":"http:\/\/blog.phoenixcontact.com\/servicesnew\/wp-content\/themes\/rt_zenith\/custom\/blog-23\/images\/IMG_78251.JPG","contentUrl":"http:\/\/blog.phoenixcontact.com\/servicesnew\/wp-content\/themes\/rt_zenith\/custom\/blog-23\/images\/IMG_78251.JPG"},{"@type":"BreadcrumbList","@id":"https:\/\/blog.phoenixcontact.com\/services\/ueber-uns-2#breadcrumb","itemListElement":[{"@type":"ListItem","position":1,"name":"Startseite","item":"https:\/\/blog.phoenixcontact.com\/services"},{"@type":"ListItem","position":2,"name":"\u00dcber uns"}]},{"@type":"WebSite","@id":"https:\/\/blog.phoenixcontact.com\/services\/#website","url":"https:\/\/blog.phoenixcontact.com\/services\/","name":"PHOENIX CONTACT","description":"Security -  Safety - CE","potentialAction":[{"@type":"SearchAction","target":{"@type":"EntryPoint","urlTemplate":"https:\/\/blog.phoenixcontact.com\/services\/?s={search_term_string}"},"query-input":{"@type":"PropertyValueSpecification","valueRequired":true,"valueName":"search_term_string"}}],"inLanguage":"de"}]}},"_links":{"self":[{"href":"https:\/\/blog.phoenixcontact.com\/services\/wp-json\/wp\/v2\/pages\/6233","targetHints":{"allow":["GET"]}}],"collection":[{"href":"https:\/\/blog.phoenixcontact.com\/services\/wp-json\/wp\/v2\/pages"}],"about":[{"href":"https:\/\/blog.phoenixcontact.com\/services\/wp-json\/wp\/v2\/types\/page"}],"author":[{"embeddable":true,"href":"https:\/\/blog.phoenixcontact.com\/services\/wp-json\/wp\/v2\/users\/195"}],"replies":[{"embeddable":true,"href":"https:\/\/blog.phoenixcontact.com\/services\/wp-json\/wp\/v2\/comments?post=6233"}],"version-history":[{"count":5,"href":"https:\/\/blog.phoenixcontact.com\/services\/wp-json\/wp\/v2\/pages\/6233\/revisions"}],"predecessor-version":[{"id":6755,"href":"https:\/\/blog.phoenixcontact.com\/services\/wp-json\/wp\/v2\/pages\/6233\/revisions\/6755"}],"wp:attachment":[{"href":"https:\/\/blog.phoenixcontact.com\/services\/wp-json\/wp\/v2\/media?parent=6233"}],"curies":[{"name":"wp","href":"https:\/\/api.w.org\/{rel}","templated":true}]}}