{"id":5605,"date":"2020-06-05T12:58:11","date_gmt":"2020-06-05T10:58:11","guid":{"rendered":"http:\/\/blog-dev.europe.phoenixcontact.com\/services\/?page_id=5605"},"modified":"2024-08-21T15:56:13","modified_gmt":"2024-08-21T13:56:13","slug":"partner","status":"publish","type":"page","link":"https:\/\/blog.phoenixcontact.com\/services\/partner","title":{"rendered":"Partner"},"content":{"rendered":"\n<hr class=\"wp-block-separator has-css-opacity is-style-default\" \/>\n\n\n<div class=\"wp-block-image\">\n<figure class=\"aligncenter size-full\"><img loading=\"lazy\" decoding=\"async\" width=\"360\" height=\"200\" src=\"http:\/\/blog.phoenixcontact.com\/services\/wp-content\/uploads\/sites\/23\/2024\/08\/globalnorm_360.png\" alt=\"\" class=\"wp-image-9960\" srcset=\"https:\/\/blog.phoenixcontact.com\/services\/wp-content\/uploads\/sites\/23\/2024\/08\/globalnorm_360.png 360w, https:\/\/blog.phoenixcontact.com\/services\/wp-content\/uploads\/sites\/23\/2024\/08\/globalnorm_360-300x167.png 300w\" sizes=\"auto, (max-width: 360px) 100vw, 360px\" \/><\/figure><\/div>\n\n\n<p class=\"has-text-align-center has-medium-font-size\"><em>&#8222;Seit 2002 beraten und unterst\u00fctzen wir Firmen verschiedenster Branchen und Gr\u00f6\u00dfen, wenn es um das Inverkehrbringen oder Herstellen konformer Produkte geht. Unsere Dienstleistungen und unser Know-how helfen Ihnen als Produktverantwortliche und F\u00fchrungskr\u00e4fte bei der gelungenen Markteinf\u00fchrung Ihrer Produkte \u2013 selbstverst\u00e4ndlich frei von Produktzertifizierungsinteressen.&#8220;<\/em><\/p>\n\n\n\n<p class=\"has-text-align-center has-medium-font-size\"><em>&#8222;Ma\u00dfgeschneidert auf die Bed\u00fcrfnisse unserer Kunden aus den verschiedensten Branchen entwickeln und produzieren wir als Experten f\u00fcr industrielle Sicherheitstechnik L\u00f6sungen und Produkte, die trennende Schutzeinrichtungen an Maschinen und Anlagen absichern. Sie helfen Gefahren und Risiken zu minimieren, um Menschen und Prozesse zu sch\u00fctzen. &#8222;<\/em><\/p>\n\n\n\n<hr class=\"wp-block-separator has-css-opacity is-style-default\" \/>\n\n\n<div class=\"wp-block-image\">\n<figure class=\"aligncenter size-large is-resized\"><img loading=\"lazy\" decoding=\"async\" src=\"http:\/\/blog.phoenixcontact.com\/services\/wp-content\/uploads\/sites\/23\/2024\/08\/reuschlaw-Logo-rgb-1-1024x425.png\" alt=\"\" class=\"wp-image-9959\" width=\"256\" height=\"106\" srcset=\"https:\/\/blog.phoenixcontact.com\/services\/wp-content\/uploads\/sites\/23\/2024\/08\/reuschlaw-Logo-rgb-1-1024x425.png 1024w, https:\/\/blog.phoenixcontact.com\/services\/wp-content\/uploads\/sites\/23\/2024\/08\/reuschlaw-Logo-rgb-1-300x125.png 300w, https:\/\/blog.phoenixcontact.com\/services\/wp-content\/uploads\/sites\/23\/2024\/08\/reuschlaw-Logo-rgb-1-768x319.png 768w, https:\/\/blog.phoenixcontact.com\/services\/wp-content\/uploads\/sites\/23\/2024\/08\/reuschlaw-Logo-rgb-1-1536x638.png 1536w, https:\/\/blog.phoenixcontact.com\/services\/wp-content\/uploads\/sites\/23\/2024\/08\/reuschlaw-Logo-rgb-1.png 1772w\" sizes=\"auto, (max-width: 256px) 100vw, 256px\" \/><figcaption><strong>Reusch law<\/strong><\/figcaption><\/figure><\/div>\n\n\n<p class=\"has-text-align-center has-medium-font-size\"><em>&#8222;Wir liefern umfassende L\u00f6sungen im Haftungsrecht. Das braucht beides: Gute Anw\u00e4lte und die besten Berater. Und genau das bieten wir. Aus einer Hand.&#8220;<\/em><\/p>\n\n\n\n<hr class=\"wp-block-separator has-css-opacity is-style-default\" \/>\n","protected":false},"excerpt":{"rendered":"<p>&#8222;Seit 2002 beraten und unterst\u00fctzen wir Firmen verschiedenster Branchen und Gr\u00f6\u00dfen, wenn es um das Inverkehrbringen oder Herstellen konformer Produkte geht. Unsere Dienstleistungen und unser Know-how helfen Ihnen als Produktverantwortliche und F\u00fchrungskr\u00e4fte bei der gelungenen Markteinf\u00fchrung Ihrer Produkte \u2013 selbstverst\u00e4ndlich frei von Produktzertifizierungsinteressen.&#8220; &#8222;Ma\u00dfgeschneidert auf die Bed\u00fcrfnisse unserer Kunden aus den verschiedensten Branchen entwickeln und [&hellip;]<\/p>\n","protected":false},"author":195,"featured_media":0,"parent":0,"menu_order":14,"comment_status":"closed","ping_status":"closed","template":"","meta":{"footnotes":""},"class_list":["post-5605","page","type-page","status-publish","hentry"],"yoast_head":"<!-- This site is optimized with the Yoast SEO plugin v24.7 - https:\/\/yoast.com\/wordpress\/plugins\/seo\/ -->\n<title>Partner | Industrial Services von Phoenix Contact<\/title>\n<meta name=\"robots\" content=\"index, follow, max-snippet:-1, max-image-preview:large, max-video-preview:-1\" \/>\n<link rel=\"canonical\" href=\"https:\/\/blog.phoenixcontact.com\/services\/partner\" \/>\n<meta property=\"og:locale\" content=\"de_DE\" \/>\n<meta property=\"og:type\" content=\"article\" \/>\n<meta property=\"og:title\" content=\"Partner | Industrial Services von Phoenix Contact\" \/>\n<meta property=\"og:description\" content=\"&#8222;Seit 2002 beraten und unterst\u00fctzen wir Firmen verschiedenster Branchen und Gr\u00f6\u00dfen, wenn es um das Inverkehrbringen oder Herstellen konformer Produkte geht. Unsere Dienstleistungen und unser Know-how helfen Ihnen als Produktverantwortliche und F\u00fchrungskr\u00e4fte bei der gelungenen Markteinf\u00fchrung Ihrer Produkte \u2013 selbstverst\u00e4ndlich frei von Produktzertifizierungsinteressen.&#8220; &#8222;Ma\u00dfgeschneidert auf die Bed\u00fcrfnisse unserer Kunden aus den verschiedensten Branchen entwickeln und [&hellip;]\" \/>\n<meta property=\"og:url\" content=\"https:\/\/blog.phoenixcontact.com\/services\/partner\" \/>\n<meta property=\"og:site_name\" content=\"Industrial Services von Phoenix Contact\" \/>\n<meta property=\"article:modified_time\" content=\"2024-08-21T13:56:13+00:00\" \/>\n<meta property=\"og:image\" content=\"https:\/\/blog.phoenixcontact.com\/services\/wp-content\/uploads\/sites\/23\/2024\/08\/globalnorm_360.png\" \/>\n<meta name=\"twitter:card\" content=\"summary_large_image\" \/>\n<meta name=\"twitter:label1\" content=\"Gesch\u00e4tzte Lesezeit\" \/>\n\t<meta name=\"twitter:data1\" content=\"2\u00a0Minuten\" \/>\n<script type=\"application\/ld+json\" class=\"yoast-schema-graph\">{\"@context\":\"https:\/\/schema.org\",\"@graph\":[{\"@type\":\"WebPage\",\"@id\":\"https:\/\/blog.phoenixcontact.com\/services\/partner\",\"url\":\"https:\/\/blog.phoenixcontact.com\/services\/partner\",\"name\":\"Partner | Industrial Services von Phoenix Contact\",\"isPartOf\":{\"@id\":\"https:\/\/blog.phoenixcontact.com\/services\/#website\"},\"primaryImageOfPage\":{\"@id\":\"https:\/\/blog.phoenixcontact.com\/services\/partner#primaryimage\"},\"image\":{\"@id\":\"https:\/\/blog.phoenixcontact.com\/services\/partner#primaryimage\"},\"thumbnailUrl\":\"http:\/\/blog.phoenixcontact.com\/services\/wp-content\/uploads\/sites\/23\/2024\/08\/globalnorm_360.png\",\"datePublished\":\"2020-06-05T10:58:11+00:00\",\"dateModified\":\"2024-08-21T13:56:13+00:00\",\"breadcrumb\":{\"@id\":\"https:\/\/blog.phoenixcontact.com\/services\/partner#breadcrumb\"},\"inLanguage\":\"de\",\"potentialAction\":[{\"@type\":\"ReadAction\",\"target\":[\"https:\/\/blog.phoenixcontact.com\/services\/partner\"]}]},{\"@type\":\"ImageObject\",\"inLanguage\":\"de\",\"@id\":\"https:\/\/blog.phoenixcontact.com\/services\/partner#primaryimage\",\"url\":\"https:\/\/blog.phoenixcontact.com\/services\/wp-content\/uploads\/sites\/23\/2024\/08\/globalnorm_360.png\",\"contentUrl\":\"https:\/\/blog.phoenixcontact.com\/services\/wp-content\/uploads\/sites\/23\/2024\/08\/globalnorm_360.png\",\"width\":360,\"height\":200},{\"@type\":\"BreadcrumbList\",\"@id\":\"https:\/\/blog.phoenixcontact.com\/services\/partner#breadcrumb\",\"itemListElement\":[{\"@type\":\"ListItem\",\"position\":1,\"name\":\"Startseite\",\"item\":\"https:\/\/blog.phoenixcontact.com\/services\"},{\"@type\":\"ListItem\",\"position\":2,\"name\":\"Partner\"}]},{\"@type\":\"WebSite\",\"@id\":\"https:\/\/blog.phoenixcontact.com\/services\/#website\",\"url\":\"https:\/\/blog.phoenixcontact.com\/services\/\",\"name\":\"PHOENIX CONTACT\",\"description\":\"Security -  Safety - CE\",\"potentialAction\":[{\"@type\":\"SearchAction\",\"target\":{\"@type\":\"EntryPoint\",\"urlTemplate\":\"https:\/\/blog.phoenixcontact.com\/services\/?s={search_term_string}\"},\"query-input\":{\"@type\":\"PropertyValueSpecification\",\"valueRequired\":true,\"valueName\":\"search_term_string\"}}],\"inLanguage\":\"de\"}]}<\/script>\n<!-- \/ Yoast SEO plugin. -->","yoast_head_json":{"title":"Partner | Industrial Services von Phoenix Contact","robots":{"index":"index","follow":"follow","max-snippet":"max-snippet:-1","max-image-preview":"max-image-preview:large","max-video-preview":"max-video-preview:-1"},"canonical":"https:\/\/blog.phoenixcontact.com\/services\/partner","og_locale":"de_DE","og_type":"article","og_title":"Partner | Industrial Services von Phoenix Contact","og_description":"&#8222;Seit 2002 beraten und unterst\u00fctzen wir Firmen verschiedenster Branchen und Gr\u00f6\u00dfen, wenn es um das Inverkehrbringen oder Herstellen konformer Produkte geht. Unsere Dienstleistungen und unser Know-how helfen Ihnen als Produktverantwortliche und F\u00fchrungskr\u00e4fte bei der gelungenen Markteinf\u00fchrung Ihrer Produkte \u2013 selbstverst\u00e4ndlich frei von Produktzertifizierungsinteressen.&#8220; &#8222;Ma\u00dfgeschneidert auf die Bed\u00fcrfnisse unserer Kunden aus den verschiedensten Branchen entwickeln und [&hellip;]","og_url":"https:\/\/blog.phoenixcontact.com\/services\/partner","og_site_name":"Industrial Services von Phoenix Contact","article_modified_time":"2024-08-21T13:56:13+00:00","og_image":[{"url":"https:\/\/blog.phoenixcontact.com\/services\/wp-content\/uploads\/sites\/23\/2024\/08\/globalnorm_360.png","type":"","width":"","height":""}],"twitter_card":"summary_large_image","twitter_misc":{"Gesch\u00e4tzte Lesezeit":"2\u00a0Minuten"},"schema":{"@context":"https:\/\/schema.org","@graph":[{"@type":"WebPage","@id":"https:\/\/blog.phoenixcontact.com\/services\/partner","url":"https:\/\/blog.phoenixcontact.com\/services\/partner","name":"Partner | Industrial Services von Phoenix Contact","isPartOf":{"@id":"https:\/\/blog.phoenixcontact.com\/services\/#website"},"primaryImageOfPage":{"@id":"https:\/\/blog.phoenixcontact.com\/services\/partner#primaryimage"},"image":{"@id":"https:\/\/blog.phoenixcontact.com\/services\/partner#primaryimage"},"thumbnailUrl":"http:\/\/blog.phoenixcontact.com\/services\/wp-content\/uploads\/sites\/23\/2024\/08\/globalnorm_360.png","datePublished":"2020-06-05T10:58:11+00:00","dateModified":"2024-08-21T13:56:13+00:00","breadcrumb":{"@id":"https:\/\/blog.phoenixcontact.com\/services\/partner#breadcrumb"},"inLanguage":"de","potentialAction":[{"@type":"ReadAction","target":["https:\/\/blog.phoenixcontact.com\/services\/partner"]}]},{"@type":"ImageObject","inLanguage":"de","@id":"https:\/\/blog.phoenixcontact.com\/services\/partner#primaryimage","url":"https:\/\/blog.phoenixcontact.com\/services\/wp-content\/uploads\/sites\/23\/2024\/08\/globalnorm_360.png","contentUrl":"https:\/\/blog.phoenixcontact.com\/services\/wp-content\/uploads\/sites\/23\/2024\/08\/globalnorm_360.png","width":360,"height":200},{"@type":"BreadcrumbList","@id":"https:\/\/blog.phoenixcontact.com\/services\/partner#breadcrumb","itemListElement":[{"@type":"ListItem","position":1,"name":"Startseite","item":"https:\/\/blog.phoenixcontact.com\/services"},{"@type":"ListItem","position":2,"name":"Partner"}]},{"@type":"WebSite","@id":"https:\/\/blog.phoenixcontact.com\/services\/#website","url":"https:\/\/blog.phoenixcontact.com\/services\/","name":"PHOENIX CONTACT","description":"Security -  Safety - CE","potentialAction":[{"@type":"SearchAction","target":{"@type":"EntryPoint","urlTemplate":"https:\/\/blog.phoenixcontact.com\/services\/?s={search_term_string}"},"query-input":{"@type":"PropertyValueSpecification","valueRequired":true,"valueName":"search_term_string"}}],"inLanguage":"de"}]}},"_links":{"self":[{"href":"https:\/\/blog.phoenixcontact.com\/services\/wp-json\/wp\/v2\/pages\/5605","targetHints":{"allow":["GET"]}}],"collection":[{"href":"https:\/\/blog.phoenixcontact.com\/services\/wp-json\/wp\/v2\/pages"}],"about":[{"href":"https:\/\/blog.phoenixcontact.com\/services\/wp-json\/wp\/v2\/types\/page"}],"author":[{"embeddable":true,"href":"https:\/\/blog.phoenixcontact.com\/services\/wp-json\/wp\/v2\/users\/195"}],"replies":[{"embeddable":true,"href":"https:\/\/blog.phoenixcontact.com\/services\/wp-json\/wp\/v2\/comments?post=5605"}],"version-history":[{"count":4,"href":"https:\/\/blog.phoenixcontact.com\/services\/wp-json\/wp\/v2\/pages\/5605\/revisions"}],"predecessor-version":[{"id":9961,"href":"https:\/\/blog.phoenixcontact.com\/services\/wp-json\/wp\/v2\/pages\/5605\/revisions\/9961"}],"wp:attachment":[{"href":"https:\/\/blog.phoenixcontact.com\/services\/wp-json\/wp\/v2\/media?parent=5605"}],"curies":[{"name":"wp","href":"https:\/\/api.w.org\/{rel}","templated":true}]}}