
{"id":9,"date":"2018-02-14T12:19:34","date_gmt":"2018-02-14T12:19:34","guid":{"rendered":"http:\/\/blog.phoenixcontact.com\/marketing-tr\/?page_id=9"},"modified":"2025-08-19T15:24:48","modified_gmt":"2025-08-19T12:24:48","slug":"hakkimizda","status":"publish","type":"page","link":"https:\/\/blog.phoenixcontact.com\/marketing-tr\/hakkimizda\/","title":{"rendered":"Hakk\u0131m\u0131zda"},"content":{"rendered":"<p dir=\"LTR\"><strong>Phoenix Contact T\u00fcrkiye Blog sayfas\u0131na ho\u015fgeldiniz!\u3000<\/strong><span style=\"color: #0000ff;font-family: Helv;font-size: small\"> \u3000<\/span><\/p>\n<p>\u00dcr\u00fcnler ve \u00e7\u00f6z\u00fcmler, \u00e7e\u015fitli uygulama \u00f6rnekleri, etkinlikler, e\u011fitimler, seminerler ve fuarlar hakk\u0131nda en son haberleri blog sayfam\u0131zdan \u00f6\u011frenebilirsiniz.<\/p>\n<p>Blog yaz\u0131lar\u0131m\u0131z uzman \u00fcr\u00fcn y\u00f6netimi ekibimiz taraf\u0131ndan \u00f6zenle haz\u0131rlanmaktad\u0131r. Siz de yeni teknolojiler, elektrik-elektronik m\u00fchendisli\u011fi, otomasyon ve e-mobilite sistemleri konular\u0131nda g\u00fcncel kalmak istiyorsan\u0131z, bizi takip edin. Phoenix Contact T\u00fcrkiye Blog&#8217;unun bu alanlarla ilgilenen herkes i\u00e7in yararl\u0131 olaca\u011f\u0131n\u0131 umuyoruz.<\/p>\n<p>1923 y\u0131l\u0131nda Almanya\u2019da kurulan Phoenix Contact, end\u00fcstriyel ba\u011flant\u0131 teknolojileri, otomasyon sistemleri, aray\u00fcz \u00e7\u00f6z\u00fcmleri ve a\u015f\u0131r\u0131 gerilim koruma alanlar\u0131nda d\u00fcnya \u00e7ap\u0131nda tan\u0131nan bir teknoloji lideridir. \u201cBak\u0131r ve Fikirler\u201d mottosuyla yola \u00e7\u0131kan firmam\u0131z, bug\u00fcn s\u00fcrd\u00fcr\u00fclebilirlik ve dijitalle\u015fme odakl\u0131 \u00e7\u00f6z\u00fcmleriyle end\u00fcstriyel d\u00f6n\u00fc\u015f\u00fcm\u00fcn \u00f6nc\u00fcs\u00fc konumundad\u0131r.<\/p>\n<p>Phoenix Contact T\u00fcrkiye, 1986 y\u0131l\u0131nda faaliyetlerine ba\u015flam\u0131\u015f olup, \u0130stanbul merkezli ofisi ve \u00fclke \u00e7ap\u0131ndaki yayg\u0131n bayi a\u011f\u0131yla m\u00fc\u015fterilerine en iyi hizmeti sunmay\u0131 hedeflemektedir. 50\u2019nin \u00fczerinde uzman \u00e7al\u0131\u015fan\u0131 ile T\u00fcrkiye sanayisine de\u011fer katan firmam\u0131z, kalite sistemlerini s\u00fcrekli geli\u015ftirerek m\u00fc\u015fteri memnuniyetini en \u00fcst seviyede tutmaktad\u0131r.<\/p>\n<p>Phoenix Contact, elektrifikasyon, network olu\u015fturma ve otomasyon ve e-mobilite alanlar\u0131nda sundu\u011fu yenilik\u00e7i \u00fcr\u00fcn ve \u00e7\u00f6z\u00fcmlerle, iklime duyarl\u0131 ve s\u00fcrd\u00fcr\u00fclebilir bir gelece\u011fin in\u015fas\u0131na katk\u0131 sa\u011flamaktad\u0131r. \u201cAll Electric Society\u201d vizyonu do\u011frultusunda, enerji verimlili\u011fi ve dijital entegrasyon odakl\u0131 \u00e7\u00f6z\u00fcmlerle end\u00fcstriyel \u00fcretimden altyap\u0131 sistemlerine kadar geni\u015f bir uygulama yelpazesinde faaliyet g\u00f6stermektedir.<\/p>\n<p>Phoenix Contact T\u00fcrkiye olarak, \u00e7al\u0131\u015fanlar\u0131m\u0131z\u0131n ve i\u015f ortaklar\u0131m\u0131z\u0131n geli\u015fimini destekleyen e\u011fitim programlar\u0131, teknolojik altyap\u0131 yat\u0131r\u0131mlar\u0131 ve m\u00fc\u015fteri odakl\u0131 hizmet anlay\u0131\u015f\u0131m\u0131zla sekt\u00f6rde fark yaratmaya devam ediyoruz.<\/p>\n","protected":false},"excerpt":{"rendered":"<p>Phoenix Contact T\u00fcrkiye Blog sayfas\u0131na ho\u015fgeldiniz!\u3000 \u3000 \u00dcr\u00fcnler ve \u00e7\u00f6z\u00fcmler, \u00e7e\u015fitli uygulama \u00f6rnekleri, etkinlikler, e\u011fitimler, seminerler ve fuarlar hakk\u0131nda en son haberleri blog sayfam\u0131zdan \u00f6\u011frenebilirsiniz. Blog yaz\u0131lar\u0131m\u0131z uzman \u00fcr\u00fcn y\u00f6netimi ekibimiz taraf\u0131ndan \u00f6zenle haz\u0131rlanmaktad\u0131r. Siz de yeni teknolojiler, elektrik-elektronik m\u00fchendisli\u011fi, otomasyon ve e-mobilite sistemleri konular\u0131nda g\u00fcncel kalmak istiyorsan\u0131z, bizi takip edin. Phoenix Contact T\u00fcrkiye Blog&#8217;unun [&hellip;]<\/p>\n","protected":false},"author":6,"featured_media":0,"parent":0,"menu_order":0,"comment_status":"closed","ping_status":"closed","template":"","meta":{"footnotes":""},"class_list":["post-9","page","type-page","status-publish","hentry"],"yoast_head":"<!-- This site is optimized with the Yoast SEO plugin v24.7 - https:\/\/yoast.com\/wordpress\/plugins\/seo\/ -->\n<title>Hakk\u0131m\u0131zda - T\u00fcrkiye<\/title>\n<meta name=\"robots\" content=\"index, follow, max-snippet:-1, max-image-preview:large, max-video-preview:-1\" \/>\n<link rel=\"canonical\" href=\"https:\/\/blog.phoenixcontact.com\/marketing-tr\/hakkimizda\/\" \/>\n<meta property=\"og:locale\" content=\"en_US\" \/>\n<meta property=\"og:type\" content=\"article\" \/>\n<meta property=\"og:title\" content=\"Hakk\u0131m\u0131zda - T\u00fcrkiye\" \/>\n<meta property=\"og:description\" content=\"Phoenix Contact T\u00fcrkiye Blog sayfas\u0131na ho\u015fgeldiniz!\u3000 \u3000 \u00dcr\u00fcnler ve \u00e7\u00f6z\u00fcmler, \u00e7e\u015fitli uygulama \u00f6rnekleri, etkinlikler, e\u011fitimler, seminerler ve fuarlar hakk\u0131nda en son haberleri blog sayfam\u0131zdan \u00f6\u011frenebilirsiniz. Blog yaz\u0131lar\u0131m\u0131z uzman \u00fcr\u00fcn y\u00f6netimi ekibimiz taraf\u0131ndan \u00f6zenle haz\u0131rlanmaktad\u0131r. Siz de yeni teknolojiler, elektrik-elektronik m\u00fchendisli\u011fi, otomasyon ve e-mobilite sistemleri konular\u0131nda g\u00fcncel kalmak istiyorsan\u0131z, bizi takip edin. Phoenix Contact T\u00fcrkiye Blog&#8217;unun [&hellip;]\" \/>\n<meta property=\"og:url\" content=\"https:\/\/blog.phoenixcontact.com\/marketing-tr\/hakkimizda\/\" \/>\n<meta property=\"og:site_name\" content=\"T\u00fcrkiye\" \/>\n<meta property=\"article:modified_time\" content=\"2025-08-19T12:24:48+00:00\" \/>\n<meta name=\"twitter:card\" content=\"summary_large_image\" \/>\n<meta name=\"twitter:label1\" content=\"Est. reading time\" \/>\n\t<meta name=\"twitter:data1\" content=\"1 minute\" \/>\n<script type=\"application\/ld+json\" class=\"yoast-schema-graph\">{\"@context\":\"https:\/\/schema.org\",\"@graph\":[{\"@type\":\"WebPage\",\"@id\":\"https:\/\/blog.phoenixcontact.com\/marketing-tr\/hakkimizda\/\",\"url\":\"https:\/\/blog.phoenixcontact.com\/marketing-tr\/hakkimizda\/\",\"name\":\"Hakk\u0131m\u0131zda - T\u00fcrkiye\",\"isPartOf\":{\"@id\":\"https:\/\/blog.phoenixcontact.com\/marketing-tr\/#website\"},\"datePublished\":\"2018-02-14T12:19:34+00:00\",\"dateModified\":\"2025-08-19T12:24:48+00:00\",\"breadcrumb\":{\"@id\":\"https:\/\/blog.phoenixcontact.com\/marketing-tr\/hakkimizda\/#breadcrumb\"},\"inLanguage\":\"en-US\",\"potentialAction\":[{\"@type\":\"ReadAction\",\"target\":[\"https:\/\/blog.phoenixcontact.com\/marketing-tr\/hakkimizda\/\"]}]},{\"@type\":\"BreadcrumbList\",\"@id\":\"https:\/\/blog.phoenixcontact.com\/marketing-tr\/hakkimizda\/#breadcrumb\",\"itemListElement\":[{\"@type\":\"ListItem\",\"position\":1,\"name\":\"Home\",\"item\":\"https:\/\/blog.phoenixcontact.com\/marketing-tr\/\"},{\"@type\":\"ListItem\",\"position\":2,\"name\":\"Hakk\u0131m\u0131zda\"}]},{\"@type\":\"WebSite\",\"@id\":\"https:\/\/blog.phoenixcontact.com\/marketing-tr\/#website\",\"url\":\"https:\/\/blog.phoenixcontact.com\/marketing-tr\/\",\"name\":\"T\u00fcrkiye\",\"description\":\"T\u00fcrkiye Blog\",\"potentialAction\":[{\"@type\":\"SearchAction\",\"target\":{\"@type\":\"EntryPoint\",\"urlTemplate\":\"https:\/\/blog.phoenixcontact.com\/marketing-tr\/?s={search_term_string}\"},\"query-input\":{\"@type\":\"PropertyValueSpecification\",\"valueRequired\":true,\"valueName\":\"search_term_string\"}}],\"inLanguage\":\"en-US\"}]}<\/script>\n<!-- \/ Yoast SEO plugin. -->","yoast_head_json":{"title":"Hakk\u0131m\u0131zda - T\u00fcrkiye","robots":{"index":"index","follow":"follow","max-snippet":"max-snippet:-1","max-image-preview":"max-image-preview:large","max-video-preview":"max-video-preview:-1"},"canonical":"https:\/\/blog.phoenixcontact.com\/marketing-tr\/hakkimizda\/","og_locale":"en_US","og_type":"article","og_title":"Hakk\u0131m\u0131zda - T\u00fcrkiye","og_description":"Phoenix Contact T\u00fcrkiye Blog sayfas\u0131na ho\u015fgeldiniz!\u3000 \u3000 \u00dcr\u00fcnler ve \u00e7\u00f6z\u00fcmler, \u00e7e\u015fitli uygulama \u00f6rnekleri, etkinlikler, e\u011fitimler, seminerler ve fuarlar hakk\u0131nda en son haberleri blog sayfam\u0131zdan \u00f6\u011frenebilirsiniz. Blog yaz\u0131lar\u0131m\u0131z uzman \u00fcr\u00fcn y\u00f6netimi ekibimiz taraf\u0131ndan \u00f6zenle haz\u0131rlanmaktad\u0131r. Siz de yeni teknolojiler, elektrik-elektronik m\u00fchendisli\u011fi, otomasyon ve e-mobilite sistemleri konular\u0131nda g\u00fcncel kalmak istiyorsan\u0131z, bizi takip edin. Phoenix Contact T\u00fcrkiye Blog&#8217;unun [&hellip;]","og_url":"https:\/\/blog.phoenixcontact.com\/marketing-tr\/hakkimizda\/","og_site_name":"T\u00fcrkiye","article_modified_time":"2025-08-19T12:24:48+00:00","twitter_card":"summary_large_image","twitter_misc":{"Est. reading time":"1 minute"},"schema":{"@context":"https:\/\/schema.org","@graph":[{"@type":"WebPage","@id":"https:\/\/blog.phoenixcontact.com\/marketing-tr\/hakkimizda\/","url":"https:\/\/blog.phoenixcontact.com\/marketing-tr\/hakkimizda\/","name":"Hakk\u0131m\u0131zda - T\u00fcrkiye","isPartOf":{"@id":"https:\/\/blog.phoenixcontact.com\/marketing-tr\/#website"},"datePublished":"2018-02-14T12:19:34+00:00","dateModified":"2025-08-19T12:24:48+00:00","breadcrumb":{"@id":"https:\/\/blog.phoenixcontact.com\/marketing-tr\/hakkimizda\/#breadcrumb"},"inLanguage":"en-US","potentialAction":[{"@type":"ReadAction","target":["https:\/\/blog.phoenixcontact.com\/marketing-tr\/hakkimizda\/"]}]},{"@type":"BreadcrumbList","@id":"https:\/\/blog.phoenixcontact.com\/marketing-tr\/hakkimizda\/#breadcrumb","itemListElement":[{"@type":"ListItem","position":1,"name":"Home","item":"https:\/\/blog.phoenixcontact.com\/marketing-tr\/"},{"@type":"ListItem","position":2,"name":"Hakk\u0131m\u0131zda"}]},{"@type":"WebSite","@id":"https:\/\/blog.phoenixcontact.com\/marketing-tr\/#website","url":"https:\/\/blog.phoenixcontact.com\/marketing-tr\/","name":"T\u00fcrkiye","description":"T\u00fcrkiye Blog","potentialAction":[{"@type":"SearchAction","target":{"@type":"EntryPoint","urlTemplate":"https:\/\/blog.phoenixcontact.com\/marketing-tr\/?s={search_term_string}"},"query-input":{"@type":"PropertyValueSpecification","valueRequired":true,"valueName":"search_term_string"}}],"inLanguage":"en-US"}]}},"_links":{"self":[{"href":"https:\/\/blog.phoenixcontact.com\/marketing-tr\/wp-json\/wp\/v2\/pages\/9","targetHints":{"allow":["GET"]}}],"collection":[{"href":"https:\/\/blog.phoenixcontact.com\/marketing-tr\/wp-json\/wp\/v2\/pages"}],"about":[{"href":"https:\/\/blog.phoenixcontact.com\/marketing-tr\/wp-json\/wp\/v2\/types\/page"}],"author":[{"embeddable":true,"href":"https:\/\/blog.phoenixcontact.com\/marketing-tr\/wp-json\/wp\/v2\/users\/6"}],"replies":[{"embeddable":true,"href":"https:\/\/blog.phoenixcontact.com\/marketing-tr\/wp-json\/wp\/v2\/comments?post=9"}],"version-history":[{"count":5,"href":"https:\/\/blog.phoenixcontact.com\/marketing-tr\/wp-json\/wp\/v2\/pages\/9\/revisions"}],"predecessor-version":[{"id":812,"href":"https:\/\/blog.phoenixcontact.com\/marketing-tr\/wp-json\/wp\/v2\/pages\/9\/revisions\/812"}],"wp:attachment":[{"href":"https:\/\/blog.phoenixcontact.com\/marketing-tr\/wp-json\/wp\/v2\/media?parent=9"}],"curies":[{"name":"wp","href":"https:\/\/api.w.org\/{rel}","templated":true}]}}