
{"id":5,"date":"2018-02-14T12:18:58","date_gmt":"2018-02-14T12:18:58","guid":{"rendered":"http:\/\/blog.phoenixcontact.com\/marketing-tr\/?page_id=5"},"modified":"2023-03-28T16:29:51","modified_gmt":"2023-03-28T13:29:51","slug":"about","status":"publish","type":"page","link":"https:\/\/blog.phoenixcontact.com\/marketing-tr\/about\/","title":{"rendered":"About"},"content":{"rendered":"<p dir=\"LTR\"><strong>Phoenix Contact T\u00fcrkiye Blog sayfas\u0131na ho\u015fgeldiniz!\u3000<\/strong><\/p>\n<p dir=\"LTR\">\u00dcr\u00fcnler ve \u00e7\u00f6z\u00fcmler, \u00e7e\u015fitli uygulama \u00f6rnekleri, etkinlikler, e\u011fitimler, seminerler ve fuarlar hakk\u0131nda en son haberleri blog sayfam\u0131zdan \u00f6\u011frenebilirsiniz.<\/p>\n<p dir=\"LTR\">Blog yaz\u0131lar\u0131m\u0131z uzman pazarlama ekibimiz taraf\u0131ndan \u00f6zenle haz\u0131rlanm\u0131\u015ft\u0131r. Siz de teknoloji ve trend haberlerini, elektrik-elektronik m\u00fchendisli\u011fi ve otomasyon sistemleri ile ilgili temel bilgiler hakk\u0131nda bilgi almak istiyorsan\u0131z, bizi takip edin.<\/p>\n<p>Phoenix Contact T\u00fcrkiye Blog&#8217;unun bu alanla ilgilenen herkes i\u00e7in yararl\u0131 olaca\u011f\u0131n\u0131 umuyoruz.<\/p>\n<p dir=\"LTR\">Phoenix Contact, elektrik m\u00fchendisli\u011fi ve elektronik-otomasyon sistemleri i\u00e7in komponent, sistem ve \u00e7\u00f6z\u00fcm sa\u011flayan, d\u00fcnya \u00e7ap\u0131nda pazar lideri konumunda olan Almanya k\u00f6kenli bir firmad\u0131r.<\/p>\n<p dir=\"LTR\">Phoenix Contact, Almanya Essen&#8217;de 1923 y\u0131l\u0131nda kurulmu\u015ftur. Bug\u00fcnk\u00fc ana merkezi Blomberg&#8217;de bulunmaktad\u0131r. 50 \u00fclke ofisi ve yakla\u015f\u0131k 30 ana y\u00fcklenicisi ile d\u00fcnya \u00e7ap\u0131nda yakla\u015f\u0131k 60.000 \u00fcr\u00fcn i\u00e7in uzman dan\u0131\u015fmanl\u0131\u011f\u0131 ve h\u0131zl\u0131 teslimat hizmeti sunmaktad\u0131r. Bug\u00fcn Phoenix Contact, d\u00fcnya \u00e7ap\u0131nda 22.000 ki\u015fiye istihdam sa\u011flamakta ve 2022 y\u0131l\u0131 sonunda 3,6 milyar Euro\u2019nun \u00fczerinde ciro yapmaktad\u0131r.<\/p>\n<p dir=\"LTR\">1986 y\u0131l\u0131nda \u0130stanbul&#8217;da faaliyete ge\u00e7en Phoenix Contact T\u00fcrkiye, b\u00f6lgede Sat\u0131\u015f Ofisleri, Distrib\u00fct\u00f6rler ve Sistem \u00c7\u00f6z\u00fcm Ortaklar\u0131&#8217;na sahiptir.<\/p>\n<p dir=\"LTR\">55 ki\u015filik kadrosu \u00e7o\u011funlukla m\u00fchendislerden olu\u015fmaktad\u0131r. Phoenix Contact T\u00fcrkiye&#8217;nin merkez ofisi \u0130stanbul \u00c7aml\u0131ca olup, B\u00f6lge Sat\u0131\u015f Ofisleri Ankara ve \u0130zmir &#8216;dedir.<\/p>\n<p dir=\"LTR\">Bunun yan\u0131nda \u0130stanbul Sancaktepe\u2019de bir adet deposu bulunmaktad\u0131r.<\/p>\n<p dir=\"LTR\">T\u00fcrkiye, Phoenix Contact Global&#8217;in \u00fcretim merkezlerinden biridir.<\/p>\n<p dir=\"LTR\"><em><strong>PICTURE MUST BE REPLACED WITH CUMULUS URL: ekip-gorsel.jpg<\/strong><\/em><\/p>\n<p dir=\"LTR\">Bursa Serbest B\u00f6lge&#8217;deki \u00fcretim merkezi olan Acel Elektrik San. ve Tic. Ltd . 2009 y\u0131l\u0131ndan itibaren ba\u011flant\u0131 ekipmanlar\u0131 \u00fcretmektedir.<\/p>\n<p>\u00dcr\u00fcnlerimizi &#8220;Made in Turkey&#8221; etiketli olarak t\u00fcm d\u00fcnyaya ihra\u00e7 etmekteyiz. G\u00fcn\u00fcm\u00fczde \u00fclkemizde \u00fcretilen \u00fcr\u00fcnler i\u00e7in bu \u00fcretim merkezi d\u00fcnyan\u0131n tek tedarik\u00e7isi konumundad\u0131r.<\/p>\n","protected":false},"excerpt":{"rendered":"<p>Phoenix Contact T\u00fcrkiye Blog sayfas\u0131na ho\u015fgeldiniz!\u3000 \u00dcr\u00fcnler ve \u00e7\u00f6z\u00fcmler, \u00e7e\u015fitli uygulama \u00f6rnekleri, etkinlikler, e\u011fitimler, seminerler ve fuarlar hakk\u0131nda en son haberleri blog sayfam\u0131zdan \u00f6\u011frenebilirsiniz. Blog yaz\u0131lar\u0131m\u0131z uzman pazarlama ekibimiz taraf\u0131ndan \u00f6zenle haz\u0131rlanm\u0131\u015ft\u0131r. Siz de teknoloji ve trend haberlerini, elektrik-elektronik m\u00fchendisli\u011fi ve otomasyon sistemleri ile ilgili temel bilgiler hakk\u0131nda bilgi almak istiyorsan\u0131z, bizi takip edin. Phoenix [&hellip;]<\/p>\n","protected":false},"author":6,"featured_media":0,"parent":0,"menu_order":0,"comment_status":"closed","ping_status":"closed","template":"","meta":{"footnotes":""},"class_list":["post-5","page","type-page","status-publish","hentry"],"yoast_head":"<!-- This site is optimized with the Yoast SEO plugin v24.7 - https:\/\/yoast.com\/wordpress\/plugins\/seo\/ -->\n<title>About - T\u00fcrkiye<\/title>\n<meta name=\"robots\" content=\"index, follow, max-snippet:-1, max-image-preview:large, max-video-preview:-1\" \/>\n<link rel=\"canonical\" href=\"https:\/\/blog.phoenixcontact.com\/marketing-tr\/about\/\" \/>\n<meta property=\"og:locale\" content=\"en_US\" \/>\n<meta property=\"og:type\" content=\"article\" \/>\n<meta property=\"og:title\" content=\"About - T\u00fcrkiye\" \/>\n<meta property=\"og:description\" content=\"Phoenix Contact T\u00fcrkiye Blog sayfas\u0131na ho\u015fgeldiniz!\u3000 \u00dcr\u00fcnler ve \u00e7\u00f6z\u00fcmler, \u00e7e\u015fitli uygulama \u00f6rnekleri, etkinlikler, e\u011fitimler, seminerler ve fuarlar hakk\u0131nda en son haberleri blog sayfam\u0131zdan \u00f6\u011frenebilirsiniz. Blog yaz\u0131lar\u0131m\u0131z uzman pazarlama ekibimiz taraf\u0131ndan \u00f6zenle haz\u0131rlanm\u0131\u015ft\u0131r. Siz de teknoloji ve trend haberlerini, elektrik-elektronik m\u00fchendisli\u011fi ve otomasyon sistemleri ile ilgili temel bilgiler hakk\u0131nda bilgi almak istiyorsan\u0131z, bizi takip edin. Phoenix [&hellip;]\" \/>\n<meta property=\"og:url\" content=\"https:\/\/blog.phoenixcontact.com\/marketing-tr\/about\/\" \/>\n<meta property=\"og:site_name\" content=\"T\u00fcrkiye\" \/>\n<meta property=\"article:modified_time\" content=\"2023-03-28T13:29:51+00:00\" \/>\n<meta name=\"twitter:card\" content=\"summary_large_image\" \/>\n<meta name=\"twitter:label1\" content=\"Est. reading time\" \/>\n\t<meta name=\"twitter:data1\" content=\"2 minutes\" \/>\n<script type=\"application\/ld+json\" class=\"yoast-schema-graph\">{\"@context\":\"https:\/\/schema.org\",\"@graph\":[{\"@type\":\"WebPage\",\"@id\":\"https:\/\/blog.phoenixcontact.com\/marketing-tr\/about\/\",\"url\":\"https:\/\/blog.phoenixcontact.com\/marketing-tr\/about\/\",\"name\":\"About - T\u00fcrkiye\",\"isPartOf\":{\"@id\":\"https:\/\/blog.phoenixcontact.com\/marketing-tr\/#website\"},\"datePublished\":\"2018-02-14T12:18:58+00:00\",\"dateModified\":\"2023-03-28T13:29:51+00:00\",\"breadcrumb\":{\"@id\":\"https:\/\/blog.phoenixcontact.com\/marketing-tr\/about\/#breadcrumb\"},\"inLanguage\":\"en-US\",\"potentialAction\":[{\"@type\":\"ReadAction\",\"target\":[\"https:\/\/blog.phoenixcontact.com\/marketing-tr\/about\/\"]}]},{\"@type\":\"BreadcrumbList\",\"@id\":\"https:\/\/blog.phoenixcontact.com\/marketing-tr\/about\/#breadcrumb\",\"itemListElement\":[{\"@type\":\"ListItem\",\"position\":1,\"name\":\"Home\",\"item\":\"https:\/\/blog.phoenixcontact.com\/marketing-tr\/\"},{\"@type\":\"ListItem\",\"position\":2,\"name\":\"About\"}]},{\"@type\":\"WebSite\",\"@id\":\"https:\/\/blog.phoenixcontact.com\/marketing-tr\/#website\",\"url\":\"https:\/\/blog.phoenixcontact.com\/marketing-tr\/\",\"name\":\"T\u00fcrkiye\",\"description\":\"T\u00fcrkiye Blog\",\"potentialAction\":[{\"@type\":\"SearchAction\",\"target\":{\"@type\":\"EntryPoint\",\"urlTemplate\":\"https:\/\/blog.phoenixcontact.com\/marketing-tr\/?s={search_term_string}\"},\"query-input\":{\"@type\":\"PropertyValueSpecification\",\"valueRequired\":true,\"valueName\":\"search_term_string\"}}],\"inLanguage\":\"en-US\"}]}<\/script>\n<!-- \/ Yoast SEO plugin. -->","yoast_head_json":{"title":"About - T\u00fcrkiye","robots":{"index":"index","follow":"follow","max-snippet":"max-snippet:-1","max-image-preview":"max-image-preview:large","max-video-preview":"max-video-preview:-1"},"canonical":"https:\/\/blog.phoenixcontact.com\/marketing-tr\/about\/","og_locale":"en_US","og_type":"article","og_title":"About - T\u00fcrkiye","og_description":"Phoenix Contact T\u00fcrkiye Blog sayfas\u0131na ho\u015fgeldiniz!\u3000 \u00dcr\u00fcnler ve \u00e7\u00f6z\u00fcmler, \u00e7e\u015fitli uygulama \u00f6rnekleri, etkinlikler, e\u011fitimler, seminerler ve fuarlar hakk\u0131nda en son haberleri blog sayfam\u0131zdan \u00f6\u011frenebilirsiniz. Blog yaz\u0131lar\u0131m\u0131z uzman pazarlama ekibimiz taraf\u0131ndan \u00f6zenle haz\u0131rlanm\u0131\u015ft\u0131r. Siz de teknoloji ve trend haberlerini, elektrik-elektronik m\u00fchendisli\u011fi ve otomasyon sistemleri ile ilgili temel bilgiler hakk\u0131nda bilgi almak istiyorsan\u0131z, bizi takip edin. Phoenix [&hellip;]","og_url":"https:\/\/blog.phoenixcontact.com\/marketing-tr\/about\/","og_site_name":"T\u00fcrkiye","article_modified_time":"2023-03-28T13:29:51+00:00","twitter_card":"summary_large_image","twitter_misc":{"Est. reading time":"2 minutes"},"schema":{"@context":"https:\/\/schema.org","@graph":[{"@type":"WebPage","@id":"https:\/\/blog.phoenixcontact.com\/marketing-tr\/about\/","url":"https:\/\/blog.phoenixcontact.com\/marketing-tr\/about\/","name":"About - T\u00fcrkiye","isPartOf":{"@id":"https:\/\/blog.phoenixcontact.com\/marketing-tr\/#website"},"datePublished":"2018-02-14T12:18:58+00:00","dateModified":"2023-03-28T13:29:51+00:00","breadcrumb":{"@id":"https:\/\/blog.phoenixcontact.com\/marketing-tr\/about\/#breadcrumb"},"inLanguage":"en-US","potentialAction":[{"@type":"ReadAction","target":["https:\/\/blog.phoenixcontact.com\/marketing-tr\/about\/"]}]},{"@type":"BreadcrumbList","@id":"https:\/\/blog.phoenixcontact.com\/marketing-tr\/about\/#breadcrumb","itemListElement":[{"@type":"ListItem","position":1,"name":"Home","item":"https:\/\/blog.phoenixcontact.com\/marketing-tr\/"},{"@type":"ListItem","position":2,"name":"About"}]},{"@type":"WebSite","@id":"https:\/\/blog.phoenixcontact.com\/marketing-tr\/#website","url":"https:\/\/blog.phoenixcontact.com\/marketing-tr\/","name":"T\u00fcrkiye","description":"T\u00fcrkiye Blog","potentialAction":[{"@type":"SearchAction","target":{"@type":"EntryPoint","urlTemplate":"https:\/\/blog.phoenixcontact.com\/marketing-tr\/?s={search_term_string}"},"query-input":{"@type":"PropertyValueSpecification","valueRequired":true,"valueName":"search_term_string"}}],"inLanguage":"en-US"}]}},"_links":{"self":[{"href":"https:\/\/blog.phoenixcontact.com\/marketing-tr\/wp-json\/wp\/v2\/pages\/5","targetHints":{"allow":["GET"]}}],"collection":[{"href":"https:\/\/blog.phoenixcontact.com\/marketing-tr\/wp-json\/wp\/v2\/pages"}],"about":[{"href":"https:\/\/blog.phoenixcontact.com\/marketing-tr\/wp-json\/wp\/v2\/types\/page"}],"author":[{"embeddable":true,"href":"https:\/\/blog.phoenixcontact.com\/marketing-tr\/wp-json\/wp\/v2\/users\/6"}],"replies":[{"embeddable":true,"href":"https:\/\/blog.phoenixcontact.com\/marketing-tr\/wp-json\/wp\/v2\/comments?post=5"}],"version-history":[{"count":4,"href":"https:\/\/blog.phoenixcontact.com\/marketing-tr\/wp-json\/wp\/v2\/pages\/5\/revisions"}],"predecessor-version":[{"id":698,"href":"https:\/\/blog.phoenixcontact.com\/marketing-tr\/wp-json\/wp\/v2\/pages\/5\/revisions\/698"}],"wp:attachment":[{"href":"https:\/\/blog.phoenixcontact.com\/marketing-tr\/wp-json\/wp\/v2\/media?parent=5"}],"curies":[{"name":"wp","href":"https:\/\/api.w.org\/{rel}","templated":true}]}}