
{"id":11,"date":"2018-02-14T12:19:47","date_gmt":"2018-02-14T12:19:47","guid":{"rendered":"http:\/\/blog.phoenixcontact.com\/marketing-tr\/?page_id=11"},"modified":"2018-02-14T13:20:57","modified_gmt":"2018-02-14T13:20:57","slug":"iletisim","status":"publish","type":"page","link":"https:\/\/blog.phoenixcontact.com\/marketing-tr\/iletisim\/","title":{"rendered":"\u0130leti\u015fim"},"content":{"rendered":"<p dir=\"LTR\">Phoenix Contact Elektronik Tic. Ltd. \u015eti.<\/p>\n<p dir=\"LTR\">K\u0131s\u0131kl\u0131 Mah. Han\u0131m Seti Sk. No: 38\/A 34692<\/p>\n<p dir=\"LTR\">B. \u00c7aml\u0131ca- \u00dcsk\u00fcdar \u0130stanbul<\/p>\n<p dir=\"LTR\">Tel: +90 216 225 43 00<\/p>\n<p dir=\"LTR\">Faks: +90 216 481 83 00<\/p>\n<p dir=\"LTR\"><a href=\"https:\/\/www.phoenixcontact.com\/online\/portal\/tr\">www.phoenixcontact.com.tr<\/a><\/p>\n<p dir=\"LTR\"><a href=\"mailto:info@phoenixcontact.com.tr\">info@phoenixcontact.com.tr <\/a><\/p>\n<h2>Bizimle ileti\u015fime ge\u00e7in!<\/h2>\n\n<div class=\"wpcf7 no-js\" id=\"wpcf7-f39-o1\" lang=\"en-US\" dir=\"ltr\" data-wpcf7-id=\"39\">\n<div class=\"screen-reader-response\"><p role=\"status\" aria-live=\"polite\" aria-atomic=\"true\"><\/p> <ul><\/ul><\/div>\n<form action=\"\/marketing-tr\/wp-json\/wp\/v2\/pages\/11#wpcf7-f39-o1\" method=\"post\" class=\"wpcf7-form init\" aria-label=\"Contact form\" novalidate=\"novalidate\" data-status=\"init\">\n<div style=\"display: none;\">\n<input type=\"hidden\" name=\"_wpcf7\" value=\"39\" \/>\n<input type=\"hidden\" name=\"_wpcf7_version\" value=\"6.0.5\" \/>\n<input type=\"hidden\" name=\"_wpcf7_locale\" value=\"en_US\" \/>\n<input type=\"hidden\" name=\"_wpcf7_unit_tag\" value=\"wpcf7-f39-o1\" \/>\n<input type=\"hidden\" name=\"_wpcf7_container_post\" value=\"0\" \/>\n<input type=\"hidden\" name=\"_wpcf7_posted_data_hash\" value=\"\" \/>\n<\/div>\n<p><label> \u0130sim Soyisim (required)<br \/>\n<span class=\"wpcf7-form-control-wrap\" data-name=\"your-name\"><input size=\"40\" maxlength=\"400\" class=\"wpcf7-form-control wpcf7-text wpcf7-validates-as-required\" aria-required=\"true\" aria-invalid=\"false\" value=\"\" type=\"text\" name=\"your-name\" \/><\/span> <\/label>\n<\/p>\n<p><label> Mail Adresiniz (required)<br \/>\n<span class=\"wpcf7-form-control-wrap\" data-name=\"your-email\"><input size=\"40\" maxlength=\"400\" class=\"wpcf7-form-control wpcf7-email wpcf7-validates-as-required wpcf7-text wpcf7-validates-as-email\" aria-required=\"true\" aria-invalid=\"false\" value=\"\" type=\"email\" name=\"your-email\" \/><\/span> <\/label>\n<\/p>\n<p><label> Konu<br \/>\n<span class=\"wpcf7-form-control-wrap\" data-name=\"your-subject\"><input size=\"40\" maxlength=\"400\" class=\"wpcf7-form-control wpcf7-text\" aria-invalid=\"false\" value=\"\" type=\"text\" name=\"your-subject\" \/><\/span> <\/label>\n<\/p>\n<p><label> Mesaj\u0131n\u0131z<br \/>\n<span class=\"wpcf7-form-control-wrap\" data-name=\"your-message\"><textarea cols=\"40\" rows=\"10\" maxlength=\"2000\" class=\"wpcf7-form-control wpcf7-textarea\" aria-invalid=\"false\" name=\"your-message\"><\/textarea><\/span> <\/label>\n<\/p>\n<p><input class=\"wpcf7-form-control wpcf7-submit has-spinner\" type=\"submit\" value=\"G\u00f6nder\" \/>\n<\/p><div class=\"wpcf7-response-output\" aria-hidden=\"true\"><\/div>\n<\/form>\n<\/div>\n\n","protected":false},"excerpt":{"rendered":"<p>Phoenix Contact Elektronik Tic. Ltd. \u015eti. K\u0131s\u0131kl\u0131 Mah. Han\u0131m Seti Sk. No: 38\/A 34692 B. \u00c7aml\u0131ca- \u00dcsk\u00fcdar \u0130stanbul Tel: +90 216 225 43 00 Faks: +90 216 481 83 00 www.phoenixcontact.com.tr info@phoenixcontact.com.tr Bizimle ileti\u015fime ge\u00e7in!<\/p>\n","protected":false},"author":6,"featured_media":0,"parent":0,"menu_order":0,"comment_status":"closed","ping_status":"closed","template":"","meta":{"footnotes":""},"class_list":["post-11","page","type-page","status-publish","hentry"],"yoast_head":"<!-- This site is optimized with the Yoast SEO plugin v24.7 - https:\/\/yoast.com\/wordpress\/plugins\/seo\/ -->\n<title>\u0130leti\u015fim - T\u00fcrkiye<\/title>\n<meta name=\"robots\" content=\"index, follow, max-snippet:-1, max-image-preview:large, max-video-preview:-1\" \/>\n<link rel=\"canonical\" href=\"https:\/\/blog.phoenixcontact.com\/marketing-tr\/iletisim\/\" \/>\n<meta property=\"og:locale\" content=\"en_US\" \/>\n<meta property=\"og:type\" content=\"article\" \/>\n<meta property=\"og:title\" content=\"\u0130leti\u015fim - T\u00fcrkiye\" \/>\n<meta property=\"og:description\" content=\"Phoenix Contact Elektronik Tic. Ltd. \u015eti. K\u0131s\u0131kl\u0131 Mah. Han\u0131m Seti Sk. No: 38\/A 34692 B. \u00c7aml\u0131ca- \u00dcsk\u00fcdar \u0130stanbul Tel: +90 216 225 43 00 Faks: +90 216 481 83 00 www.phoenixcontact.com.tr info@phoenixcontact.com.tr Bizimle ileti\u015fime ge\u00e7in!\" \/>\n<meta property=\"og:url\" content=\"https:\/\/blog.phoenixcontact.com\/marketing-tr\/iletisim\/\" \/>\n<meta property=\"og:site_name\" content=\"T\u00fcrkiye\" \/>\n<meta property=\"article:modified_time\" content=\"2018-02-14T13:20:57+00:00\" \/>\n<meta name=\"twitter:card\" content=\"summary_large_image\" \/>\n<script type=\"application\/ld+json\" class=\"yoast-schema-graph\">{\"@context\":\"https:\/\/schema.org\",\"@graph\":[{\"@type\":\"WebPage\",\"@id\":\"https:\/\/blog.phoenixcontact.com\/marketing-tr\/iletisim\/\",\"url\":\"https:\/\/blog.phoenixcontact.com\/marketing-tr\/iletisim\/\",\"name\":\"\u0130leti\u015fim - T\u00fcrkiye\",\"isPartOf\":{\"@id\":\"https:\/\/blog.phoenixcontact.com\/marketing-tr\/#website\"},\"datePublished\":\"2018-02-14T12:19:47+00:00\",\"dateModified\":\"2018-02-14T13:20:57+00:00\",\"breadcrumb\":{\"@id\":\"https:\/\/blog.phoenixcontact.com\/marketing-tr\/iletisim\/#breadcrumb\"},\"inLanguage\":\"en-US\",\"potentialAction\":[{\"@type\":\"ReadAction\",\"target\":[\"https:\/\/blog.phoenixcontact.com\/marketing-tr\/iletisim\/\"]}]},{\"@type\":\"BreadcrumbList\",\"@id\":\"https:\/\/blog.phoenixcontact.com\/marketing-tr\/iletisim\/#breadcrumb\",\"itemListElement\":[{\"@type\":\"ListItem\",\"position\":1,\"name\":\"Home\",\"item\":\"https:\/\/blog.phoenixcontact.com\/marketing-tr\/\"},{\"@type\":\"ListItem\",\"position\":2,\"name\":\"\u0130leti\u015fim\"}]},{\"@type\":\"WebSite\",\"@id\":\"https:\/\/blog.phoenixcontact.com\/marketing-tr\/#website\",\"url\":\"https:\/\/blog.phoenixcontact.com\/marketing-tr\/\",\"name\":\"T\u00fcrkiye\",\"description\":\"T\u00fcrkiye Blog\",\"potentialAction\":[{\"@type\":\"SearchAction\",\"target\":{\"@type\":\"EntryPoint\",\"urlTemplate\":\"https:\/\/blog.phoenixcontact.com\/marketing-tr\/?s={search_term_string}\"},\"query-input\":{\"@type\":\"PropertyValueSpecification\",\"valueRequired\":true,\"valueName\":\"search_term_string\"}}],\"inLanguage\":\"en-US\"}]}<\/script>\n<!-- \/ Yoast SEO plugin. -->","yoast_head_json":{"title":"\u0130leti\u015fim - T\u00fcrkiye","robots":{"index":"index","follow":"follow","max-snippet":"max-snippet:-1","max-image-preview":"max-image-preview:large","max-video-preview":"max-video-preview:-1"},"canonical":"https:\/\/blog.phoenixcontact.com\/marketing-tr\/iletisim\/","og_locale":"en_US","og_type":"article","og_title":"\u0130leti\u015fim - T\u00fcrkiye","og_description":"Phoenix Contact Elektronik Tic. Ltd. \u015eti. K\u0131s\u0131kl\u0131 Mah. Han\u0131m Seti Sk. No: 38\/A 34692 B. \u00c7aml\u0131ca- \u00dcsk\u00fcdar \u0130stanbul Tel: +90 216 225 43 00 Faks: +90 216 481 83 00 www.phoenixcontact.com.tr info@phoenixcontact.com.tr Bizimle ileti\u015fime ge\u00e7in!","og_url":"https:\/\/blog.phoenixcontact.com\/marketing-tr\/iletisim\/","og_site_name":"T\u00fcrkiye","article_modified_time":"2018-02-14T13:20:57+00:00","twitter_card":"summary_large_image","schema":{"@context":"https:\/\/schema.org","@graph":[{"@type":"WebPage","@id":"https:\/\/blog.phoenixcontact.com\/marketing-tr\/iletisim\/","url":"https:\/\/blog.phoenixcontact.com\/marketing-tr\/iletisim\/","name":"\u0130leti\u015fim - T\u00fcrkiye","isPartOf":{"@id":"https:\/\/blog.phoenixcontact.com\/marketing-tr\/#website"},"datePublished":"2018-02-14T12:19:47+00:00","dateModified":"2018-02-14T13:20:57+00:00","breadcrumb":{"@id":"https:\/\/blog.phoenixcontact.com\/marketing-tr\/iletisim\/#breadcrumb"},"inLanguage":"en-US","potentialAction":[{"@type":"ReadAction","target":["https:\/\/blog.phoenixcontact.com\/marketing-tr\/iletisim\/"]}]},{"@type":"BreadcrumbList","@id":"https:\/\/blog.phoenixcontact.com\/marketing-tr\/iletisim\/#breadcrumb","itemListElement":[{"@type":"ListItem","position":1,"name":"Home","item":"https:\/\/blog.phoenixcontact.com\/marketing-tr\/"},{"@type":"ListItem","position":2,"name":"\u0130leti\u015fim"}]},{"@type":"WebSite","@id":"https:\/\/blog.phoenixcontact.com\/marketing-tr\/#website","url":"https:\/\/blog.phoenixcontact.com\/marketing-tr\/","name":"T\u00fcrkiye","description":"T\u00fcrkiye Blog","potentialAction":[{"@type":"SearchAction","target":{"@type":"EntryPoint","urlTemplate":"https:\/\/blog.phoenixcontact.com\/marketing-tr\/?s={search_term_string}"},"query-input":{"@type":"PropertyValueSpecification","valueRequired":true,"valueName":"search_term_string"}}],"inLanguage":"en-US"}]}},"_links":{"self":[{"href":"https:\/\/blog.phoenixcontact.com\/marketing-tr\/wp-json\/wp\/v2\/pages\/11","targetHints":{"allow":["GET"]}}],"collection":[{"href":"https:\/\/blog.phoenixcontact.com\/marketing-tr\/wp-json\/wp\/v2\/pages"}],"about":[{"href":"https:\/\/blog.phoenixcontact.com\/marketing-tr\/wp-json\/wp\/v2\/types\/page"}],"author":[{"embeddable":true,"href":"https:\/\/blog.phoenixcontact.com\/marketing-tr\/wp-json\/wp\/v2\/users\/6"}],"replies":[{"embeddable":true,"href":"https:\/\/blog.phoenixcontact.com\/marketing-tr\/wp-json\/wp\/v2\/comments?post=11"}],"version-history":[{"count":3,"href":"https:\/\/blog.phoenixcontact.com\/marketing-tr\/wp-json\/wp\/v2\/pages\/11\/revisions"}],"predecessor-version":[{"id":40,"href":"https:\/\/blog.phoenixcontact.com\/marketing-tr\/wp-json\/wp\/v2\/pages\/11\/revisions\/40"}],"wp:attachment":[{"href":"https:\/\/blog.phoenixcontact.com\/marketing-tr\/wp-json\/wp\/v2\/media?parent=11"}],"curies":[{"name":"wp","href":"https:\/\/api.w.org\/{rel}","templated":true}]}}