
{"id":19,"date":"2014-07-09T12:11:50","date_gmt":"2014-07-09T11:11:50","guid":{"rendered":"http:\/\/192.168.19.41\/kundenprojekte\/phoenix-contact-karriereblog\/?page_id=7"},"modified":"2023-03-28T15:23:59","modified_gmt":"2023-03-28T13:23:59","slug":"o-nas","status":"publish","type":"page","link":"https:\/\/blog.phoenixcontact.com\/marketing-pl\/o-nas\/","title":{"rendered":"O PHOENIX CONTACT"},"content":{"rendered":"<div class=\"about-description branded-page-box-padding\">\n<p>Phoenix Contact jest dzi\u015b \u015bwiatowym liderem produkcji komponent\u00f3w, system\u00f3w i rozwi\u0105za\u0144 w dziedzinie elektroniki i automatyki. Ta rodzinna firma, z central\u0105 w Blomberg w Niemczech, zatrudnia ponad 22 000 ludzi na ca\u0142ym \u015bwiecie, a w 2022 osi\u0105gn\u0119\u0142a przychody 3,6 mld euro. Grupa Phoenix Contact sk\u0142ada si\u0119 z 10 zak\u0142ad\u00f3w produkcyjnych, 50 oddzia\u0142\u00f3w i 30 sp\u00f3\u0142ek partnerskich, kt\u00f3re na ca\u0142ym \u015bwiecie tworzy g\u0119st\u0105 sie\u0107 dystrybucji i zapewniaj\u0105 nasz\u0105 obecno\u015b\u0107 w pobli\u017cu klienta.<\/p>\n<p>Firma posiada zak\u0142ady produkcyjne w dziewi\u0119ciu krajach, m.in. w Polsce dzia\u0142a fabryka Phoenix Contact Wielkopolska w Nowym Tomy\u015blu.<\/p>\n<p>Phoenix Contact ze swoimi sze\u015bcioma liniami produktowymi oferuje nowatorski portfel przemys\u0142owej elektroniki. Najlepsze po\u0142\u0105czenia &#8222;od czujnik\u00f3w po elementy steruj\u0105ce&#8221;. Od tradycyjnych listew zaciskowych, poprzez przeciwbryzgowe wtyki maszynowe, po bezprzewodow\u0105 sie\u0107 Ethernet: Nowatorskie rozwi\u0105zania, kt\u00f3re daj\u0105 wi\u0119cej, ni\u017c nasi klienci oczekuj\u0105.<\/p>\n<p><iframe loading=\"lazy\" title=\"Phoenix Contact w Polsce\" width=\"625\" height=\"352\" src=\"https:\/\/www.youtube.com\/embed\/6PhX7qyuD04?feature=oembed\" frameborder=\"0\" allow=\"accelerometer; autoplay; clipboard-write; encrypted-media; gyroscope; picture-in-picture; web-share\" referrerpolicy=\"strict-origin-when-cross-origin\" allowfullscreen><\/iframe><\/p>\n<p>Wi\u0119cej o nas dowiesz si\u0119 na <a title=\"Phoenix Contact w Polsce\" href=\"https:\/\/www.phoenixcontact.com\/online\/portal\/pl\" target=\"_blank\" rel=\"noopener noreferrer\">www.phoenixcontact.pl<\/a><\/p>\n<\/div>\n","protected":false},"excerpt":{"rendered":"<p>Phoenix Contact jest dzi\u015b \u015bwiatowym liderem produkcji komponent\u00f3w, system\u00f3w i rozwi\u0105za\u0144 w dziedzinie elektroniki i automatyki. Ta rodzinna firma, z central\u0105 w Blomberg w Niemczech, zatrudnia ponad 22 000 ludzi na ca\u0142ym \u015bwiecie, a w 2022 osi\u0105gn\u0119\u0142a przychody 3,6 mld euro. Grupa Phoenix Contact sk\u0142ada si\u0119 z 10 zak\u0142ad\u00f3w produkcyjnych, 50 oddzia\u0142\u00f3w i 30 sp\u00f3\u0142ek [&hellip;]<\/p>\n","protected":false},"author":28,"featured_media":0,"parent":0,"menu_order":5,"comment_status":"closed","ping_status":"closed","template":"","meta":{"footnotes":""},"class_list":["post-19","page","type-page","status-publish","hentry"],"yoast_head":"<!-- This site is optimized with the Yoast SEO plugin v24.7 - https:\/\/yoast.com\/wordpress\/plugins\/seo\/ -->\n<title>O PHOENIX CONTACT | Poland<\/title>\n<meta name=\"robots\" content=\"index, follow, max-snippet:-1, max-image-preview:large, max-video-preview:-1\" \/>\n<link rel=\"canonical\" href=\"https:\/\/blog.phoenixcontact.com\/marketing-pl\/o-nas\/\" \/>\n<meta property=\"og:locale\" content=\"pl_PL\" \/>\n<meta property=\"og:type\" content=\"article\" \/>\n<meta property=\"og:title\" content=\"O PHOENIX CONTACT | Poland\" \/>\n<meta property=\"og:description\" content=\"Phoenix Contact jest dzi\u015b \u015bwiatowym liderem produkcji komponent\u00f3w, system\u00f3w i rozwi\u0105za\u0144 w dziedzinie elektroniki i automatyki. Ta rodzinna firma, z central\u0105 w Blomberg w Niemczech, zatrudnia ponad 22 000 ludzi na ca\u0142ym \u015bwiecie, a w 2022 osi\u0105gn\u0119\u0142a przychody 3,6 mld euro. Grupa Phoenix Contact sk\u0142ada si\u0119 z 10 zak\u0142ad\u00f3w produkcyjnych, 50 oddzia\u0142\u00f3w i 30 sp\u00f3\u0142ek [&hellip;]\" \/>\n<meta property=\"og:url\" content=\"https:\/\/blog.phoenixcontact.com\/marketing-pl\/o-nas\/\" \/>\n<meta property=\"og:site_name\" content=\"Poland\" \/>\n<meta property=\"article:modified_time\" content=\"2023-03-28T13:23:59+00:00\" \/>\n<meta name=\"twitter:card\" content=\"summary_large_image\" \/>\n<meta name=\"twitter:label1\" content=\"Szacowany czas czytania\" \/>\n\t<meta name=\"twitter:data1\" content=\"1 minuta\" \/>\n<script type=\"application\/ld+json\" class=\"yoast-schema-graph\">{\"@context\":\"https:\/\/schema.org\",\"@graph\":[{\"@type\":\"WebPage\",\"@id\":\"https:\/\/blog.phoenixcontact.com\/marketing-pl\/o-nas\/\",\"url\":\"https:\/\/blog.phoenixcontact.com\/marketing-pl\/o-nas\/\",\"name\":\"O PHOENIX CONTACT | Poland\",\"isPartOf\":{\"@id\":\"https:\/\/blog.phoenixcontact.com\/marketing-pl\/#website\"},\"datePublished\":\"2014-07-09T11:11:50+00:00\",\"dateModified\":\"2023-03-28T13:23:59+00:00\",\"breadcrumb\":{\"@id\":\"https:\/\/blog.phoenixcontact.com\/marketing-pl\/o-nas\/#breadcrumb\"},\"inLanguage\":\"pl-PL\",\"potentialAction\":[{\"@type\":\"ReadAction\",\"target\":[\"https:\/\/blog.phoenixcontact.com\/marketing-pl\/o-nas\/\"]}]},{\"@type\":\"BreadcrumbList\",\"@id\":\"https:\/\/blog.phoenixcontact.com\/marketing-pl\/o-nas\/#breadcrumb\",\"itemListElement\":[{\"@type\":\"ListItem\",\"position\":1,\"name\":\"Home\",\"item\":\"https:\/\/blog.phoenixcontact.com\/marketing-pl\/\"},{\"@type\":\"ListItem\",\"position\":2,\"name\":\"O PHOENIX CONTACT\"}]},{\"@type\":\"WebSite\",\"@id\":\"https:\/\/blog.phoenixcontact.com\/marketing-pl\/#website\",\"url\":\"https:\/\/blog.phoenixcontact.com\/marketing-pl\/\",\"name\":\"Poland\",\"description\":\"PHOENIX CONTACT\",\"potentialAction\":[{\"@type\":\"SearchAction\",\"target\":{\"@type\":\"EntryPoint\",\"urlTemplate\":\"https:\/\/blog.phoenixcontact.com\/marketing-pl\/?s={search_term_string}\"},\"query-input\":{\"@type\":\"PropertyValueSpecification\",\"valueRequired\":true,\"valueName\":\"search_term_string\"}}],\"inLanguage\":\"pl-PL\"}]}<\/script>\n<!-- \/ Yoast SEO plugin. -->","yoast_head_json":{"title":"O PHOENIX CONTACT | Poland","robots":{"index":"index","follow":"follow","max-snippet":"max-snippet:-1","max-image-preview":"max-image-preview:large","max-video-preview":"max-video-preview:-1"},"canonical":"https:\/\/blog.phoenixcontact.com\/marketing-pl\/o-nas\/","og_locale":"pl_PL","og_type":"article","og_title":"O PHOENIX CONTACT | Poland","og_description":"Phoenix Contact jest dzi\u015b \u015bwiatowym liderem produkcji komponent\u00f3w, system\u00f3w i rozwi\u0105za\u0144 w dziedzinie elektroniki i automatyki. Ta rodzinna firma, z central\u0105 w Blomberg w Niemczech, zatrudnia ponad 22 000 ludzi na ca\u0142ym \u015bwiecie, a w 2022 osi\u0105gn\u0119\u0142a przychody 3,6 mld euro. Grupa Phoenix Contact sk\u0142ada si\u0119 z 10 zak\u0142ad\u00f3w produkcyjnych, 50 oddzia\u0142\u00f3w i 30 sp\u00f3\u0142ek [&hellip;]","og_url":"https:\/\/blog.phoenixcontact.com\/marketing-pl\/o-nas\/","og_site_name":"Poland","article_modified_time":"2023-03-28T13:23:59+00:00","twitter_card":"summary_large_image","twitter_misc":{"Szacowany czas czytania":"1 minuta"},"schema":{"@context":"https:\/\/schema.org","@graph":[{"@type":"WebPage","@id":"https:\/\/blog.phoenixcontact.com\/marketing-pl\/o-nas\/","url":"https:\/\/blog.phoenixcontact.com\/marketing-pl\/o-nas\/","name":"O PHOENIX CONTACT | Poland","isPartOf":{"@id":"https:\/\/blog.phoenixcontact.com\/marketing-pl\/#website"},"datePublished":"2014-07-09T11:11:50+00:00","dateModified":"2023-03-28T13:23:59+00:00","breadcrumb":{"@id":"https:\/\/blog.phoenixcontact.com\/marketing-pl\/o-nas\/#breadcrumb"},"inLanguage":"pl-PL","potentialAction":[{"@type":"ReadAction","target":["https:\/\/blog.phoenixcontact.com\/marketing-pl\/o-nas\/"]}]},{"@type":"BreadcrumbList","@id":"https:\/\/blog.phoenixcontact.com\/marketing-pl\/o-nas\/#breadcrumb","itemListElement":[{"@type":"ListItem","position":1,"name":"Home","item":"https:\/\/blog.phoenixcontact.com\/marketing-pl\/"},{"@type":"ListItem","position":2,"name":"O PHOENIX CONTACT"}]},{"@type":"WebSite","@id":"https:\/\/blog.phoenixcontact.com\/marketing-pl\/#website","url":"https:\/\/blog.phoenixcontact.com\/marketing-pl\/","name":"Poland","description":"PHOENIX CONTACT","potentialAction":[{"@type":"SearchAction","target":{"@type":"EntryPoint","urlTemplate":"https:\/\/blog.phoenixcontact.com\/marketing-pl\/?s={search_term_string}"},"query-input":{"@type":"PropertyValueSpecification","valueRequired":true,"valueName":"search_term_string"}}],"inLanguage":"pl-PL"}]}},"_links":{"self":[{"href":"https:\/\/blog.phoenixcontact.com\/marketing-pl\/wp-json\/wp\/v2\/pages\/19","targetHints":{"allow":["GET"]}}],"collection":[{"href":"https:\/\/blog.phoenixcontact.com\/marketing-pl\/wp-json\/wp\/v2\/pages"}],"about":[{"href":"https:\/\/blog.phoenixcontact.com\/marketing-pl\/wp-json\/wp\/v2\/types\/page"}],"author":[{"embeddable":true,"href":"https:\/\/blog.phoenixcontact.com\/marketing-pl\/wp-json\/wp\/v2\/users\/28"}],"replies":[{"embeddable":true,"href":"https:\/\/blog.phoenixcontact.com\/marketing-pl\/wp-json\/wp\/v2\/comments?post=19"}],"version-history":[{"count":5,"href":"https:\/\/blog.phoenixcontact.com\/marketing-pl\/wp-json\/wp\/v2\/pages\/19\/revisions"}],"predecessor-version":[{"id":3457,"href":"https:\/\/blog.phoenixcontact.com\/marketing-pl\/wp-json\/wp\/v2\/pages\/19\/revisions\/3457"}],"wp:attachment":[{"href":"https:\/\/blog.phoenixcontact.com\/marketing-pl\/wp-json\/wp\/v2\/media?parent=19"}],"curies":[{"name":"wp","href":"https:\/\/api.w.org\/{rel}","templated":true}]}}