
{"id":10,"date":"2016-07-25T16:00:20","date_gmt":"2016-07-25T14:00:20","guid":{"rendered":"http:\/\/blog.phoenixcontact.com\/marketing-hr\/?page_id=10"},"modified":"2023-03-28T15:27:06","modified_gmt":"2023-03-28T13:27:06","slug":"about","status":"publish","type":"page","link":"https:\/\/blog.phoenixcontact.com\/marketing-hr\/about\/","title":{"rendered":"O nama"},"content":{"rendered":"<header class=\"entry-header\">\n<h1 class=\"entry-title\">PHOENIX CONTACT<\/h1>\n<\/header>\n<div class=\"entry-content\">\n<p>Phoenix Contact je globalni tr\u017ei\u0161ni predvodnik u segmentu niskonaponske opreme, elektronike, te opreme za sustave automatizacije.<br \/>\nTvrtka je osnovana 1923. godine, a danas zapo\u0161ljava oko 22.000 ljudi \u0161irom svijeta.<br \/>\nProdajna mre\u017ea sa sjedi\u0161tem u Blombergu (Njema\u010dka) sa\u010dinjena je od 50 prodajnih dru\u0161tava u svijetu, te vi\u0161e od 30 prodajnih partnera \u0161to osigurava blizak odnos s na\u0161im kupcima neovisno o lokaciji.<\/p>\n<p>Za vi\u0161e informacija posjetite internetsku stranicu:\u00a0 <a href=\"https:\/\/www.phoenixcontact.hr\">https:\/\/www.phoenixcontact.hr<\/a><\/p>\n<\/div>\n","protected":false},"excerpt":{"rendered":"<p>PHOENIX CONTACT Phoenix Contact je globalni tr\u017ei\u0161ni predvodnik u segmentu niskonaponske opreme, elektronike, te opreme za sustave automatizacije. Tvrtka je osnovana 1923. godine, a danas zapo\u0161ljava oko 22.000 ljudi \u0161irom svijeta. Prodajna mre\u017ea sa sjedi\u0161tem u Blombergu (Njema\u010dka) sa\u010dinjena je od 50 prodajnih dru\u0161tava u svijetu, te vi\u0161e od 30 prodajnih partnera \u0161to osigurava blizak [&hellip;]<\/p>\n","protected":false},"author":6,"featured_media":0,"parent":0,"menu_order":0,"comment_status":"closed","ping_status":"closed","template":"","meta":{"footnotes":""},"class_list":["post-10","page","type-page","status-publish","hentry"],"yoast_head":"<!-- This site is optimized with the Yoast SEO plugin v24.7 - https:\/\/yoast.com\/wordpress\/plugins\/seo\/ -->\n<title>PHOENIX CONTACT | O nama<\/title>\n<meta name=\"robots\" content=\"index, follow, max-snippet:-1, max-image-preview:large, max-video-preview:-1\" \/>\n<link rel=\"canonical\" href=\"https:\/\/blog.phoenixcontact.com\/marketing-hr\/about\/\" \/>\n<meta property=\"og:locale\" content=\"hr_HR\" \/>\n<meta property=\"og:type\" content=\"article\" \/>\n<meta property=\"og:title\" content=\"PHOENIX CONTACT | O nama\" \/>\n<meta property=\"og:description\" content=\"PHOENIX CONTACT Phoenix Contact je globalni tr\u017ei\u0161ni predvodnik u segmentu niskonaponske opreme, elektronike, te opreme za sustave automatizacije. Tvrtka je osnovana 1923. godine, a danas zapo\u0161ljava oko 22.000 ljudi \u0161irom svijeta. Prodajna mre\u017ea sa sjedi\u0161tem u Blombergu (Njema\u010dka) sa\u010dinjena je od 50 prodajnih dru\u0161tava u svijetu, te vi\u0161e od 30 prodajnih partnera \u0161to osigurava blizak [&hellip;]\" \/>\n<meta property=\"og:url\" content=\"https:\/\/blog.phoenixcontact.com\/marketing-hr\/about\/\" \/>\n<meta property=\"og:site_name\" content=\"Croatia\" \/>\n<meta property=\"article:modified_time\" content=\"2023-03-28T13:27:06+00:00\" \/>\n<meta name=\"twitter:card\" content=\"summary_large_image\" \/>\n<meta name=\"twitter:label1\" content=\"Procijenjeno vrijeme \u010ditanja\" \/>\n\t<meta name=\"twitter:data1\" content=\"1 minuta\" \/>\n<script type=\"application\/ld+json\" class=\"yoast-schema-graph\">{\"@context\":\"https:\/\/schema.org\",\"@graph\":[{\"@type\":\"WebPage\",\"@id\":\"https:\/\/blog.phoenixcontact.com\/marketing-hr\/about\/\",\"url\":\"https:\/\/blog.phoenixcontact.com\/marketing-hr\/about\/\",\"name\":\"PHOENIX CONTACT | O nama\",\"isPartOf\":{\"@id\":\"https:\/\/blog.phoenixcontact.com\/marketing-hr\/#website\"},\"datePublished\":\"2016-07-25T14:00:20+00:00\",\"dateModified\":\"2023-03-28T13:27:06+00:00\",\"breadcrumb\":{\"@id\":\"https:\/\/blog.phoenixcontact.com\/marketing-hr\/about\/#breadcrumb\"},\"inLanguage\":\"hr\",\"potentialAction\":[{\"@type\":\"ReadAction\",\"target\":[\"https:\/\/blog.phoenixcontact.com\/marketing-hr\/about\/\"]}]},{\"@type\":\"BreadcrumbList\",\"@id\":\"https:\/\/blog.phoenixcontact.com\/marketing-hr\/about\/#breadcrumb\",\"itemListElement\":[{\"@type\":\"ListItem\",\"position\":1,\"name\":\"Home\",\"item\":\"https:\/\/blog.phoenixcontact.com\/marketing-hr\/\"},{\"@type\":\"ListItem\",\"position\":2,\"name\":\"O nama\"}]},{\"@type\":\"WebSite\",\"@id\":\"https:\/\/blog.phoenixcontact.com\/marketing-hr\/#website\",\"url\":\"https:\/\/blog.phoenixcontact.com\/marketing-hr\/\",\"name\":\"Croatia\",\"description\":\"PHOENIX CONTACT\",\"potentialAction\":[{\"@type\":\"SearchAction\",\"target\":{\"@type\":\"EntryPoint\",\"urlTemplate\":\"https:\/\/blog.phoenixcontact.com\/marketing-hr\/?s={search_term_string}\"},\"query-input\":{\"@type\":\"PropertyValueSpecification\",\"valueRequired\":true,\"valueName\":\"search_term_string\"}}],\"inLanguage\":\"hr\"}]}<\/script>\n<!-- \/ Yoast SEO plugin. -->","yoast_head_json":{"title":"PHOENIX CONTACT | O nama","robots":{"index":"index","follow":"follow","max-snippet":"max-snippet:-1","max-image-preview":"max-image-preview:large","max-video-preview":"max-video-preview:-1"},"canonical":"https:\/\/blog.phoenixcontact.com\/marketing-hr\/about\/","og_locale":"hr_HR","og_type":"article","og_title":"PHOENIX CONTACT | O nama","og_description":"PHOENIX CONTACT Phoenix Contact je globalni tr\u017ei\u0161ni predvodnik u segmentu niskonaponske opreme, elektronike, te opreme za sustave automatizacije. Tvrtka je osnovana 1923. godine, a danas zapo\u0161ljava oko 22.000 ljudi \u0161irom svijeta. Prodajna mre\u017ea sa sjedi\u0161tem u Blombergu (Njema\u010dka) sa\u010dinjena je od 50 prodajnih dru\u0161tava u svijetu, te vi\u0161e od 30 prodajnih partnera \u0161to osigurava blizak [&hellip;]","og_url":"https:\/\/blog.phoenixcontact.com\/marketing-hr\/about\/","og_site_name":"Croatia","article_modified_time":"2023-03-28T13:27:06+00:00","twitter_card":"summary_large_image","twitter_misc":{"Procijenjeno vrijeme \u010ditanja":"1 minuta"},"schema":{"@context":"https:\/\/schema.org","@graph":[{"@type":"WebPage","@id":"https:\/\/blog.phoenixcontact.com\/marketing-hr\/about\/","url":"https:\/\/blog.phoenixcontact.com\/marketing-hr\/about\/","name":"PHOENIX CONTACT | O nama","isPartOf":{"@id":"https:\/\/blog.phoenixcontact.com\/marketing-hr\/#website"},"datePublished":"2016-07-25T14:00:20+00:00","dateModified":"2023-03-28T13:27:06+00:00","breadcrumb":{"@id":"https:\/\/blog.phoenixcontact.com\/marketing-hr\/about\/#breadcrumb"},"inLanguage":"hr","potentialAction":[{"@type":"ReadAction","target":["https:\/\/blog.phoenixcontact.com\/marketing-hr\/about\/"]}]},{"@type":"BreadcrumbList","@id":"https:\/\/blog.phoenixcontact.com\/marketing-hr\/about\/#breadcrumb","itemListElement":[{"@type":"ListItem","position":1,"name":"Home","item":"https:\/\/blog.phoenixcontact.com\/marketing-hr\/"},{"@type":"ListItem","position":2,"name":"O nama"}]},{"@type":"WebSite","@id":"https:\/\/blog.phoenixcontact.com\/marketing-hr\/#website","url":"https:\/\/blog.phoenixcontact.com\/marketing-hr\/","name":"Croatia","description":"PHOENIX CONTACT","potentialAction":[{"@type":"SearchAction","target":{"@type":"EntryPoint","urlTemplate":"https:\/\/blog.phoenixcontact.com\/marketing-hr\/?s={search_term_string}"},"query-input":{"@type":"PropertyValueSpecification","valueRequired":true,"valueName":"search_term_string"}}],"inLanguage":"hr"}]}},"_links":{"self":[{"href":"https:\/\/blog.phoenixcontact.com\/marketing-hr\/wp-json\/wp\/v2\/pages\/10","targetHints":{"allow":["GET"]}}],"collection":[{"href":"https:\/\/blog.phoenixcontact.com\/marketing-hr\/wp-json\/wp\/v2\/pages"}],"about":[{"href":"https:\/\/blog.phoenixcontact.com\/marketing-hr\/wp-json\/wp\/v2\/types\/page"}],"author":[{"embeddable":true,"href":"https:\/\/blog.phoenixcontact.com\/marketing-hr\/wp-json\/wp\/v2\/users\/6"}],"replies":[{"embeddable":true,"href":"https:\/\/blog.phoenixcontact.com\/marketing-hr\/wp-json\/wp\/v2\/comments?post=10"}],"version-history":[{"count":5,"href":"https:\/\/blog.phoenixcontact.com\/marketing-hr\/wp-json\/wp\/v2\/pages\/10\/revisions"}],"predecessor-version":[{"id":613,"href":"https:\/\/blog.phoenixcontact.com\/marketing-hr\/wp-json\/wp\/v2\/pages\/10\/revisions\/613"}],"wp:attachment":[{"href":"https:\/\/blog.phoenixcontact.com\/marketing-hr\/wp-json\/wp\/v2\/media?parent=10"}],"curies":[{"name":"wp","href":"https:\/\/api.w.org\/{rel}","templated":true}]}}