
{"id":10,"date":"2016-08-10T05:46:06","date_gmt":"2016-08-10T08:46:06","guid":{"rendered":"http:\/\/blog.phoenixcontact.com\/marketing-br\/?page_id=10"},"modified":"2023-03-28T10:27:52","modified_gmt":"2023-03-28T13:27:52","slug":"about","status":"publish","type":"page","link":"https:\/\/blog.phoenixcontact.com\/marketing-br\/about\/","title":{"rendered":"Sobre n\u00f3s"},"content":{"rendered":"<header class=\"entry-header\">\n<h1 class=\"entry-title\">Sobre a PHOENIX CONTACT<\/h1>\n<\/header>\n<div class=\"entry-content\">\n<p>A Phoenix Contact \u00e9 l\u00edder mundial no mercado de componentes, sistemas e solu\u00e7\u00f5es na \u00e1rea de engenharia el\u00e9trica, eletr\u00f4nica e automa\u00e7\u00e3o. Somos uma empresa familiar com sede na Alemanha. Do nosso grupo empresarial fazem parte quinze empresas alem\u00e3s e quatro empresas internacionais, assim como 55 distribuidoras em todo o mundo. Temos uma presen\u00e7a internacional em mais de 100 pa\u00edses.<\/p>\n<p>Sede da empresa: 32825 Blomberg<br \/>\nAno da funda\u00e7\u00e3o: 1923 em Essen, Ren\u00e2nia do Norte-Vestef\u00e1lia<br \/>\nColaboradores em todo o mundo: 22.000<br \/>\nVolume de vendas em 2022: 3,6 bilh\u00f5es de euros<br \/>\nEmpresas internacionais: 19<br \/>\nUnidades de produ\u00e7\u00e3o: 11<br \/>\nUnidades de distribui\u00e7\u00e3o: 55<\/p>\n<p>No Brasil, mais de 80 funcion\u00e1rios do Grupo Phoenix Contact seguem com a miss\u00e3o de trabalhar com produtos e solu\u00e7\u00f5es para o futuro. O escrit\u00f3rio administrativo da filial brasileira, fundado em 1993, est\u00e1 sediado em S\u00e3o Paulo, capital, enquanto o Galp\u00e3o Log\u00edstico est\u00e1 localizado em Osasco, cidade da Regi\u00e3o Metropolitana de S\u00e3o Paulo.<\/p>\n<p>A Phoenix Contact Brasil apresenta continuamente ao mercado brasileiro, produtos e solu\u00e7\u00f5es de \u00faltima gera\u00e7\u00e3o. Para mais informa\u00e7\u00f5es visite o nosso site: <a style=\"font-size: revert;\" href=\"https:\/\/www.phoenixcontact.com.br\">https:\/\/www.phoenixcontact.com.br<\/a><\/p>\n<\/div>\n","protected":false},"excerpt":{"rendered":"<p>Sobre a PHOENIX CONTACT A Phoenix Contact \u00e9 l\u00edder mundial no mercado de componentes, sistemas e solu\u00e7\u00f5es na \u00e1rea de engenharia el\u00e9trica, eletr\u00f4nica e automa\u00e7\u00e3o. Somos uma empresa familiar com sede na Alemanha. Do nosso grupo empresarial fazem parte quinze empresas alem\u00e3s e quatro empresas internacionais, assim como 55 distribuidoras em todo o mundo. Temos [&hellip;]<\/p>\n","protected":false},"author":6,"featured_media":0,"parent":0,"menu_order":0,"comment_status":"closed","ping_status":"closed","template":"","meta":{"footnotes":""},"class_list":["post-10","page","type-page","status-publish","hentry"],"yoast_head":"<!-- This site is optimized with the Yoast SEO plugin v24.7 - https:\/\/yoast.com\/wordpress\/plugins\/seo\/ -->\n<title>Sobre n\u00f3s | Brazil<\/title>\n<meta name=\"robots\" content=\"index, follow, max-snippet:-1, max-image-preview:large, max-video-preview:-1\" \/>\n<link rel=\"canonical\" href=\"https:\/\/blog.phoenixcontact.com\/marketing-br\/about\/\" \/>\n<meta property=\"og:locale\" content=\"pt_BR\" \/>\n<meta property=\"og:type\" content=\"article\" \/>\n<meta property=\"og:title\" content=\"Sobre n\u00f3s | Brazil\" \/>\n<meta property=\"og:description\" content=\"Sobre a PHOENIX CONTACT A Phoenix Contact \u00e9 l\u00edder mundial no mercado de componentes, sistemas e solu\u00e7\u00f5es na \u00e1rea de engenharia el\u00e9trica, eletr\u00f4nica e automa\u00e7\u00e3o. Somos uma empresa familiar com sede na Alemanha. Do nosso grupo empresarial fazem parte quinze empresas alem\u00e3s e quatro empresas internacionais, assim como 55 distribuidoras em todo o mundo. Temos [&hellip;]\" \/>\n<meta property=\"og:url\" content=\"https:\/\/blog.phoenixcontact.com\/marketing-br\/about\/\" \/>\n<meta property=\"og:site_name\" content=\"Brazil\" \/>\n<meta property=\"article:modified_time\" content=\"2023-03-28T13:27:52+00:00\" \/>\n<meta name=\"twitter:card\" content=\"summary_large_image\" \/>\n<meta name=\"twitter:label1\" content=\"Est. tempo de leitura\" \/>\n\t<meta name=\"twitter:data1\" content=\"1 minuto\" \/>\n<script type=\"application\/ld+json\" class=\"yoast-schema-graph\">{\"@context\":\"https:\/\/schema.org\",\"@graph\":[{\"@type\":\"WebPage\",\"@id\":\"https:\/\/blog.phoenixcontact.com\/marketing-br\/about\/\",\"url\":\"https:\/\/blog.phoenixcontact.com\/marketing-br\/about\/\",\"name\":\"Sobre n\u00f3s | Brazil\",\"isPartOf\":{\"@id\":\"https:\/\/blog.phoenixcontact.com\/marketing-br\/#website\"},\"datePublished\":\"2016-08-10T08:46:06+00:00\",\"dateModified\":\"2023-03-28T13:27:52+00:00\",\"breadcrumb\":{\"@id\":\"https:\/\/blog.phoenixcontact.com\/marketing-br\/about\/#breadcrumb\"},\"inLanguage\":\"pt-BR\",\"potentialAction\":[{\"@type\":\"ReadAction\",\"target\":[\"https:\/\/blog.phoenixcontact.com\/marketing-br\/about\/\"]}]},{\"@type\":\"BreadcrumbList\",\"@id\":\"https:\/\/blog.phoenixcontact.com\/marketing-br\/about\/#breadcrumb\",\"itemListElement\":[{\"@type\":\"ListItem\",\"position\":1,\"name\":\"Home\",\"item\":\"https:\/\/blog.phoenixcontact.com\/marketing-br\/\"},{\"@type\":\"ListItem\",\"position\":2,\"name\":\"Sobre n\u00f3s\"}]},{\"@type\":\"WebSite\",\"@id\":\"https:\/\/blog.phoenixcontact.com\/marketing-br\/#website\",\"url\":\"https:\/\/blog.phoenixcontact.com\/marketing-br\/\",\"name\":\"Brazil\",\"description\":\"PHOENIX CONTACT\",\"potentialAction\":[{\"@type\":\"SearchAction\",\"target\":{\"@type\":\"EntryPoint\",\"urlTemplate\":\"https:\/\/blog.phoenixcontact.com\/marketing-br\/?s={search_term_string}\"},\"query-input\":{\"@type\":\"PropertyValueSpecification\",\"valueRequired\":true,\"valueName\":\"search_term_string\"}}],\"inLanguage\":\"pt-BR\"}]}<\/script>\n<!-- \/ Yoast SEO plugin. -->","yoast_head_json":{"title":"Sobre n\u00f3s | Brazil","robots":{"index":"index","follow":"follow","max-snippet":"max-snippet:-1","max-image-preview":"max-image-preview:large","max-video-preview":"max-video-preview:-1"},"canonical":"https:\/\/blog.phoenixcontact.com\/marketing-br\/about\/","og_locale":"pt_BR","og_type":"article","og_title":"Sobre n\u00f3s | Brazil","og_description":"Sobre a PHOENIX CONTACT A Phoenix Contact \u00e9 l\u00edder mundial no mercado de componentes, sistemas e solu\u00e7\u00f5es na \u00e1rea de engenharia el\u00e9trica, eletr\u00f4nica e automa\u00e7\u00e3o. Somos uma empresa familiar com sede na Alemanha. Do nosso grupo empresarial fazem parte quinze empresas alem\u00e3s e quatro empresas internacionais, assim como 55 distribuidoras em todo o mundo. Temos [&hellip;]","og_url":"https:\/\/blog.phoenixcontact.com\/marketing-br\/about\/","og_site_name":"Brazil","article_modified_time":"2023-03-28T13:27:52+00:00","twitter_card":"summary_large_image","twitter_misc":{"Est. tempo de leitura":"1 minuto"},"schema":{"@context":"https:\/\/schema.org","@graph":[{"@type":"WebPage","@id":"https:\/\/blog.phoenixcontact.com\/marketing-br\/about\/","url":"https:\/\/blog.phoenixcontact.com\/marketing-br\/about\/","name":"Sobre n\u00f3s | Brazil","isPartOf":{"@id":"https:\/\/blog.phoenixcontact.com\/marketing-br\/#website"},"datePublished":"2016-08-10T08:46:06+00:00","dateModified":"2023-03-28T13:27:52+00:00","breadcrumb":{"@id":"https:\/\/blog.phoenixcontact.com\/marketing-br\/about\/#breadcrumb"},"inLanguage":"pt-BR","potentialAction":[{"@type":"ReadAction","target":["https:\/\/blog.phoenixcontact.com\/marketing-br\/about\/"]}]},{"@type":"BreadcrumbList","@id":"https:\/\/blog.phoenixcontact.com\/marketing-br\/about\/#breadcrumb","itemListElement":[{"@type":"ListItem","position":1,"name":"Home","item":"https:\/\/blog.phoenixcontact.com\/marketing-br\/"},{"@type":"ListItem","position":2,"name":"Sobre n\u00f3s"}]},{"@type":"WebSite","@id":"https:\/\/blog.phoenixcontact.com\/marketing-br\/#website","url":"https:\/\/blog.phoenixcontact.com\/marketing-br\/","name":"Brazil","description":"PHOENIX CONTACT","potentialAction":[{"@type":"SearchAction","target":{"@type":"EntryPoint","urlTemplate":"https:\/\/blog.phoenixcontact.com\/marketing-br\/?s={search_term_string}"},"query-input":{"@type":"PropertyValueSpecification","valueRequired":true,"valueName":"search_term_string"}}],"inLanguage":"pt-BR"}]}},"_links":{"self":[{"href":"https:\/\/blog.phoenixcontact.com\/marketing-br\/wp-json\/wp\/v2\/pages\/10","targetHints":{"allow":["GET"]}}],"collection":[{"href":"https:\/\/blog.phoenixcontact.com\/marketing-br\/wp-json\/wp\/v2\/pages"}],"about":[{"href":"https:\/\/blog.phoenixcontact.com\/marketing-br\/wp-json\/wp\/v2\/types\/page"}],"author":[{"embeddable":true,"href":"https:\/\/blog.phoenixcontact.com\/marketing-br\/wp-json\/wp\/v2\/users\/6"}],"replies":[{"embeddable":true,"href":"https:\/\/blog.phoenixcontact.com\/marketing-br\/wp-json\/wp\/v2\/comments?post=10"}],"version-history":[{"count":5,"href":"https:\/\/blog.phoenixcontact.com\/marketing-br\/wp-json\/wp\/v2\/pages\/10\/revisions"}],"predecessor-version":[{"id":2451,"href":"https:\/\/blog.phoenixcontact.com\/marketing-br\/wp-json\/wp\/v2\/pages\/10\/revisions\/2451"}],"wp:attachment":[{"href":"https:\/\/blog.phoenixcontact.com\/marketing-br\/wp-json\/wp\/v2\/media?parent=10"}],"curies":[{"name":"wp","href":"https:\/\/api.w.org\/{rel}","templated":true}]}}